{"id":1487,"date":"2022-07-22T08:33:48","date_gmt":"2022-07-22T14:33:48","guid":{"rendered":"https:\/\/grupogogreen.com\/cr\/?page_id=1487"},"modified":"2022-08-17T10:48:00","modified_gmt":"2022-08-17T16:48:00","slug":"igo-tokio","status":"publish","type":"page","link":"https:\/\/grupogogreen.com\/cr\/menu\/igos\/igo-tokio\/","title":{"rendered":"Igo Tokio"},"content":{"rendered":"\n<style type=\"text\/css\" data-created_by=\"avia_inline_auto\" id=\"style-css-av-18yef4v-e9aa505409a79e8a60cc2009645b8483\">\n.avia-section.av-18yef4v-e9aa505409a79e8a60cc2009645b8483{\nbackground-repeat:no-repeat;\nbackground-image:url(https:\/\/grupogogreen.com\/cr\/wp-content\/uploads\/2022\/07\/fondo-producto.jpg);\nbackground-position:50% 50%;\nbackground-attachment:scroll;\n}\n<\/style>\n<div id='av_section_1'  class='avia-section av-18yef4v-e9aa505409a79e8a60cc2009645b8483 main_color avia-section-default avia-no-border-styling  avia-builder-el-0  avia-builder-el-no-sibling  seccion-container seccion-producto avia-full-stretch avia-bg-style-scroll container_wrap sidebar_right'  data-section-bg-repeat='stretch'><div class='container av-section-cont-open' ><main  role=\"main\" itemprop=\"mainContentOfPage\"  class='template-page content  av-content-small alpha units'><div class='post-entry post-entry-type-page post-entry-1487'><div class='entry-content-wrapper clearfix'>\n\n<style type=\"text\/css\" data-created_by=\"avia_inline_auto\" id=\"style-css-av-17azse7-8f823f7200579bd1d9f9c688dbc35e1f\">\n.flex_column.av-17azse7-8f823f7200579bd1d9f9c688dbc35e1f{\nwidth:57.6%;\n}\n<\/style>\n<div class='flex_column av-17azse7-8f823f7200579bd1d9f9c688dbc35e1f av_three_fifth  avia-builder-el-1  el_before_av_two_fifth  avia-builder-el-first  col-imagen-producto first flex_column_div '     ><p>\n<style type=\"text\/css\" data-created_by=\"avia_inline_auto\" id=\"style-css-av-l5wk8hmz-2244fe0d69b5cfdb2c7f960830550ee5\">\n#top .av_textblock_section.av-l5wk8hmz-2244fe0d69b5cfdb2c7f960830550ee5 .avia_textblock{\ncolor:#999999;\n}\n<\/style>\n<section  class='av_textblock_section av-l5wk8hmz-2244fe0d69b5cfdb2c7f960830550ee5'  itemscope=\"itemscope\" itemtype=\"https:\/\/schema.org\/CreativeWork\" ><div class='avia_textblock text-ruta av_inherit_color'  itemprop=\"text\" ><p><a href=\"https:\/\/grupogogreen.com\/cr\/menu\/\">Men\u00fa<\/a> \/ <a href=\"https:\/\/grupogogreen.com\/cr\/igos\/\">Igos<\/a> \/ Igo Tokio<\/p>\n<\/div><\/section><br \/>\n\n<style type=\"text\/css\" data-created_by=\"avia_inline_auto\" id=\"style-css-av-l5wkbyjn-2f5308fab4839c7d80fb3953cdb3db96\">\n.avia-image-container.av-l5wkbyjn-2f5308fab4839c7d80fb3953cdb3db96 img.avia_image{\nbox-shadow:none;\n}\n.avia-image-container.av-l5wkbyjn-2f5308fab4839c7d80fb3953cdb3db96 .av-image-caption-overlay-center{\ncolor:#ffffff;\n}\n<\/style>\n<div  class='avia-image-container av-l5wkbyjn-2f5308fab4839c7d80fb3953cdb3db96 av-styling- avia-align-center  avia-builder-el-3  el_after_av_textblock  el_before_av_textblock '   itemprop=\"image\" itemscope=\"itemscope\" itemtype=\"https:\/\/schema.org\/ImageObject\" ><div class=\"avia-image-container-inner\"><div class=\"avia-image-overlay-wrap\"><img decoding=\"async\" class='wp-image-1545 avia-img-lazy-loading-not-1545 avia_image ' src=\"https:\/\/grupogogreen.com\/cr\/wp-content\/uploads\/2022\/07\/igo-tokio-1.png\" alt='' title='igo-tokio'  height=\"1000\" width=\"1000\"  itemprop=\"thumbnailUrl\" srcset=\"https:\/\/grupogogreen.com\/cr\/wp-content\/uploads\/2022\/07\/igo-tokio-1.png 1000w, https:\/\/grupogogreen.com\/cr\/wp-content\/uploads\/2022\/07\/igo-tokio-1-300x300.png 300w, https:\/\/grupogogreen.com\/cr\/wp-content\/uploads\/2022\/07\/igo-tokio-1-80x80.png 80w, https:\/\/grupogogreen.com\/cr\/wp-content\/uploads\/2022\/07\/igo-tokio-1-768x768.png 768w, https:\/\/grupogogreen.com\/cr\/wp-content\/uploads\/2022\/07\/igo-tokio-1-36x36.png 36w, https:\/\/grupogogreen.com\/cr\/wp-content\/uploads\/2022\/07\/igo-tokio-1-180x180.png 180w, https:\/\/grupogogreen.com\/cr\/wp-content\/uploads\/2022\/07\/igo-tokio-1-705x705.png 705w\" sizes=\"(max-width: 1000px) 100vw, 1000px\" \/><\/div><\/div><\/div><br \/>\n\n<style type=\"text\/css\" data-created_by=\"avia_inline_auto\" id=\"style-css-av-av_textblock-6d7e9b374f1f11681e618c4efa375f0b\">\n#top .av_textblock_section.av-av_textblock-6d7e9b374f1f11681e618c4efa375f0b .avia_textblock{\ncolor:#2db158;\n}\n<\/style>\n<section  class='av_textblock_section av-av_textblock-6d7e9b374f1f11681e618c4efa375f0b'  itemscope=\"itemscope\" itemtype=\"https:\/\/schema.org\/CreativeWork\" ><div class='avia_textblock text-delivery av_inherit_color'  itemprop=\"text\" ><h2>PIDE TU<br \/>\n<strong>DELIVERY EN<\/strong><\/h2>\n<p><a href=\"#\"><img loading=\"lazy\" decoding=\"async\" class=\"alignnone wp-image-989 size-full\" src=\"https:\/\/grupogogreen.com\/cr\/wp-content\/uploads\/2022\/07\/hugo.jpg\" alt=\"\" width=\"300\" height=\"300\" srcset=\"https:\/\/grupogogreen.com\/cr\/wp-content\/uploads\/2022\/07\/hugo.jpg 300w, https:\/\/grupogogreen.com\/cr\/wp-content\/uploads\/2022\/07\/hugo-80x80.jpg 80w, https:\/\/grupogogreen.com\/cr\/wp-content\/uploads\/2022\/07\/hugo-36x36.jpg 36w, https:\/\/grupogogreen.com\/cr\/wp-content\/uploads\/2022\/07\/hugo-180x180.jpg 180w\" sizes=\"auto, (max-width: 300px) 100vw, 300px\" \/><\/a><\/p>\n<p><a href=\"https:\/\/www.pedidosya.com.gt\/cadenas\/go-green\" target=\"_blank\" rel=\"noopener\"><img loading=\"lazy\" decoding=\"async\" class=\"alignnone wp-image-990 size-full\" src=\"https:\/\/grupogogreen.com\/cr\/wp-content\/uploads\/2022\/07\/pedidos-ya.jpg\" alt=\"\" width=\"300\" height=\"300\" srcset=\"https:\/\/grupogogreen.com\/cr\/wp-content\/uploads\/2022\/07\/pedidos-ya.jpg 300w, https:\/\/grupogogreen.com\/cr\/wp-content\/uploads\/2022\/07\/pedidos-ya-80x80.jpg 80w, https:\/\/grupogogreen.com\/cr\/wp-content\/uploads\/2022\/07\/pedidos-ya-36x36.jpg 36w, https:\/\/grupogogreen.com\/cr\/wp-content\/uploads\/2022\/07\/pedidos-ya-180x180.jpg 180w\" sizes=\"auto, (max-width: 300px) 100vw, 300px\" \/><\/a><\/p>\n<p><a href=\"https:\/\/www.ubereats.com\/gt?q=gogreen\" target=\"_blank\" rel=\"noopener\"><img loading=\"lazy\" decoding=\"async\" class=\"alignnone wp-image-991 size-full\" src=\"https:\/\/grupogogreen.com\/cr\/wp-content\/uploads\/2022\/07\/uber-eats.jpg\" alt=\"\" width=\"300\" height=\"300\" srcset=\"https:\/\/grupogogreen.com\/cr\/wp-content\/uploads\/2022\/07\/uber-eats.jpg 300w, https:\/\/grupogogreen.com\/cr\/wp-content\/uploads\/2022\/07\/uber-eats-80x80.jpg 80w, https:\/\/grupogogreen.com\/cr\/wp-content\/uploads\/2022\/07\/uber-eats-36x36.jpg 36w, https:\/\/grupogogreen.com\/cr\/wp-content\/uploads\/2022\/07\/uber-eats-180x180.jpg 180w\" sizes=\"auto, (max-width: 300px) 100vw, 300px\" \/><\/a><\/p>\n<\/div><\/section><\/p><\/div>\n<style type=\"text\/css\" data-created_by=\"avia_inline_auto\" id=\"style-css-av-142t9en-fc2be7b51812192a164b0530411505ea\">\n.flex_column.av-142t9en-fc2be7b51812192a164b0530411505ea{\nwidth:36.4%;\nmargin-left:6%;\n}\n<\/style>\n<div class='flex_column av-142t9en-fc2be7b51812192a164b0530411505ea av_two_fifth  avia-builder-el-5  el_after_av_three_fifth  avia-builder-el-last  col-descripcion flex_column_div '     ><style type=\"text\/css\" data-created_by=\"avia_inline_auto\" id=\"style-css-av-l5wk8o2h-86b45be28bddde74f2854d5a95c421e3\">\n#top .av_textblock_section.av-l5wk8o2h-86b45be28bddde74f2854d5a95c421e3 .avia_textblock{\ncolor:#999999;\n}\n<\/style>\n<section  class='av_textblock_section av-l5wk8o2h-86b45be28bddde74f2854d5a95c421e3'  itemscope=\"itemscope\" itemtype=\"https:\/\/schema.org\/CreativeWork\" ><div class='avia_textblock title-img1 av_inherit_color'  itemprop=\"text\" ><h1 style=\"text-align: left;\">Igo Tokio<\/h1>\n<\/div><\/section><br \/>\n\n<style type=\"text\/css\" data-created_by=\"avia_inline_auto\" id=\"style-css-av-l5wk90lf-ac7003b9eeaf9e68647244688019c077\">\n#top .av_textblock_section.av-l5wk90lf-ac7003b9eeaf9e68647244688019c077 .avia_textblock{\ncolor:#999999;\n}\n<\/style>\n<section  class='av_textblock_section av-l5wk90lf-ac7003b9eeaf9e68647244688019c077'  itemscope=\"itemscope\" itemtype=\"https:\/\/schema.org\/CreativeWork\" ><div class='avia_textblock text-descripcion av_inherit_color'  itemprop=\"text\" ><p>Lechuga, Jam\u00f3n de Pechuga de Pavo, Zanahoria, Br\u00f3coli, Cebolla Morada, Cilantro Fresco, Aderezo Japon\u00e9s, Ajonjol\u00ed Tostado.<\/p>\n<\/div><\/section><br \/>\n\n<style type=\"text\/css\" data-created_by=\"avia_inline_auto\" id=\"style-css-av-l5wk9by2-60dc7f061b6695faf81ef5ce4a0c698b\">\n#top .av_textblock_section.av-l5wk9by2-60dc7f061b6695faf81ef5ce4a0c698b .avia_textblock{\ncolor:#000000;\n}\n<\/style>\n<section  class='av_textblock_section av-l5wk9by2-60dc7f061b6695faf81ef5ce4a0c698b'  itemscope=\"itemscope\" itemtype=\"https:\/\/schema.org\/CreativeWork\" ><div class='av-desktop-hide av-medium-hide av-small-hide av-mini-hide avia_textblock text-descripcion av_inherit_color'  itemprop=\"text\" ><p><strong>Datos Nutricionales<\/strong><\/p>\n<\/div><\/section><br \/>\n<div class='avia-data-table-wrap av-130gawf-5eee663accb801cd84ca1bfdc8276408 avia_responsive_table av-desktop-hide av-medium-hide av-small-hide av-mini-hide avia-table-1'><table  class='avia-table avia-data-table avia_pricing_minimal  avia-builder-el-9  el_after_av_textblock  el_before_av_textblock  tabla-producto'  itemscope=\"itemscope\" itemtype=\"https:\/\/schema.org\/Table\" ><tbody><tr class='avia-heading-row'><th class='avia-center-col'><\/th><th class=''>Por porci\u00f3n<\/th><\/tr><tr class=''><td class='avia-center-col'>Energ\u00eda<\/td><td class=''>179 kcal<\/td><\/tr><tr class=''><td class='avia-center-col'>Grasa<\/td><td class=''>42 gr<\/td><\/tr><tr class=''><td class='avia-center-col'>Grasa Saturada<\/td><td class=''>16 gr<\/td><\/tr><tr class=''><td class='avia-center-col'>Carbohidratos<\/td><td class=''>52 gr<\/td><\/tr><tr class=''><td class='avia-center-col'>Az\u00facar<\/td><td class=''>3 gr<\/td><\/tr><tr class=''><td class='avia-center-col'>Proteina<\/td><td class=''>31 gr<\/td><\/tr><\/tbody><\/table><\/div><style type='text\/css'>.avia-table-1 td:nth-of-type(1):before { content: ''; } .avia-table-1 td:nth-of-type(2):before { content: 'Por porci\u00f3n'; } <\/style><br \/>\n\n<style type=\"text\/css\" data-created_by=\"avia_inline_auto\" id=\"style-css-av-20oue7-52bf79d75eb0f736670ffc6a0319b603\">\n#top .av_textblock_section.av-20oue7-52bf79d75eb0f736670ffc6a0319b603 .avia_textblock{\ncolor:#999999;\n}\n<\/style>\n<section  class='av_textblock_section av-20oue7-52bf79d75eb0f736670ffc6a0319b603'  itemscope=\"itemscope\" itemtype=\"https:\/\/schema.org\/CreativeWork\" ><div class='avia_textblock text-disponiblilidad av_inherit_color'  itemprop=\"text\" ><p style=\"text-align: center;\">Disponibilidad puede variar a ubicaci\u00f3n o territorio<\/p>\n<\/div><\/section><\/p><\/div><\/div><\/div><\/main><!-- close content main element --><\/div><\/div><div id='after_section_1'  class='main_color av_default_container_wrap container_wrap sidebar_right'  ><div class='container av-section-cont-open' ><div class='template-page content  av-content-small alpha units'><div class='post-entry post-entry-type-page post-entry-1487'><div class='entry-content-wrapper clearfix'>\n","protected":false},"excerpt":{"rendered":"","protected":false},"author":1,"featured_media":0,"parent":888,"menu_order":0,"comment_status":"closed","ping_status":"closed","template":"","meta":{"footnotes":""},"class_list":["post-1487","page","type-page","status-publish","hentry"],"_links":{"self":[{"href":"https:\/\/grupogogreen.com\/cr\/wp-json\/wp\/v2\/pages\/1487","targetHints":{"allow":["GET"]}}],"collection":[{"href":"https:\/\/grupogogreen.com\/cr\/wp-json\/wp\/v2\/pages"}],"about":[{"href":"https:\/\/grupogogreen.com\/cr\/wp-json\/wp\/v2\/types\/page"}],"author":[{"embeddable":true,"href":"https:\/\/grupogogreen.com\/cr\/wp-json\/wp\/v2\/users\/1"}],"replies":[{"embeddable":true,"href":"https:\/\/grupogogreen.com\/cr\/wp-json\/wp\/v2\/comments?post=1487"}],"version-history":[{"count":3,"href":"https:\/\/grupogogreen.com\/cr\/wp-json\/wp\/v2\/pages\/1487\/revisions"}],"predecessor-version":[{"id":1799,"href":"https:\/\/grupogogreen.com\/cr\/wp-json\/wp\/v2\/pages\/1487\/revisions\/1799"}],"up":[{"embeddable":true,"href":"https:\/\/grupogogreen.com\/cr\/wp-json\/wp\/v2\/pages\/888"}],"wp:attachment":[{"href":"https:\/\/grupogogreen.com\/cr\/wp-json\/wp\/v2\/media?parent=1487"}],"curies":[{"name":"wp","href":"https:\/\/api.w.org\/{rel}","templated":true}]}}