{"id":1639,"date":"2022-08-01T14:36:06","date_gmt":"2022-08-01T20:36:06","guid":{"rendered":"https:\/\/grupogogreen.com\/?page_id=1639"},"modified":"2022-08-29T11:59:52","modified_gmt":"2022-08-29T17:59:52","slug":"catering","status":"publish","type":"page","link":"https:\/\/grupogogreen.com\/ecm\/catering\/","title":{"rendered":"Catering"},"content":{"rendered":"<p><div id='av_section_1'  class='avia-section av-l6b809c3-4ea63409995a61453819c197647f4d6f main_color avia-section-default avia-no-border-styling  avia-builder-el-0  el_before_av_section  avia-builder-el-first  seccion-container seccion-menu-page seccion-catering avia-bg-style-scroll container_wrap sidebar_right'  ><div class='container av-section-cont-open' ><main  role=\"main\" itemprop=\"mainContentOfPage\"  class='template-page content  av-content-small alpha units'><div class='post-entry post-entry-type-page post-entry-1639'><div class='entry-content-wrapper clearfix'>\n\n<style type=\"text\/css\" data-created_by=\"avia_inline_auto\" id=\"style-css-av-l6b7oe5c-8a10a0b422e4eb1b4e641a42ce97c77d\">\n#top .av_textblock_section.av-l6b7oe5c-8a10a0b422e4eb1b4e641a42ce97c77d .avia_textblock{\ncolor:#999999;\n}\n<\/style>\n<section  class='av_textblock_section av-l6b7oe5c-8a10a0b422e4eb1b4e641a42ce97c77d'  itemscope=\"itemscope\" itemtype=\"https:\/\/schema.org\/CreativeWork\" ><div class='avia_textblock title-img1 av_inherit_color'  itemprop=\"text\" ><h1>Catering<\/h1>\n<\/div><\/section>\n<div class='flex_column_table av-l6b7wra8-dd31d7d38fbaaa0a60189f0299568235 sc-av_two_fifth av-equal-height-column-flextable'>\n<style type=\"text\/css\" data-created_by=\"avia_inline_auto\" id=\"style-css-av-l6b7wra8-dd31d7d38fbaaa0a60189f0299568235\">\n.flex_column.av-l6b7wra8-dd31d7d38fbaaa0a60189f0299568235{\nwidth:38.2%;\nmargin-left:0;\n}\n#top .flex_column_table.av-equal-height-column-flextable.av-l6b7wra8-dd31d7d38fbaaa0a60189f0299568235 .av-flex-placeholder{\nwidth:3%;\n}\n<\/style>\n<div class='flex_column av-l6b7wra8-dd31d7d38fbaaa0a60189f0299568235 av_two_fifth  avia-builder-el-2  el_after_av_textblock  el_before_av_three_fifth  col-img-catering first flex_column_table_cell av-equal-height-column av-align-middle column-top-margin'     ><style type=\"text\/css\" data-created_by=\"avia_inline_auto\" id=\"style-css-av-l6b7tzg7-e4227c61ad1687c53781ac2947c5d959\">\n.avia-image-container.av-l6b7tzg7-e4227c61ad1687c53781ac2947c5d959 img.avia_image{\nbox-shadow:none;\n}\n.avia-image-container.av-l6b7tzg7-e4227c61ad1687c53781ac2947c5d959 .av-image-caption-overlay-center{\ncolor:#ffffff;\n}\n<\/style>\n<div  class='avia-image-container av-l6b7tzg7-e4227c61ad1687c53781ac2947c5d959 av-styling- avia-align-center  avia-builder-el-3  avia-builder-el-no-sibling '   itemprop=\"image\" itemscope=\"itemscope\" itemtype=\"https:\/\/schema.org\/ImageObject\" ><div class=\"avia-image-container-inner\"><div class=\"avia-image-overlay-wrap\"><img decoding=\"async\" class='wp-image-1643 avia-img-lazy-loading-not-1643 avia_image ' src=\"https:\/\/grupogogreen.com\/ecm\/wp-content\/uploads\/2022\/08\/img-catering.png\" alt='' title='img-catering'  height=\"990\" width=\"1200\"  itemprop=\"thumbnailUrl\" srcset=\"https:\/\/grupogogreen.com\/ecm\/wp-content\/uploads\/2022\/08\/img-catering.png 1200w, https:\/\/grupogogreen.com\/ecm\/wp-content\/uploads\/2022\/08\/img-catering-300x248.png 300w, https:\/\/grupogogreen.com\/ecm\/wp-content\/uploads\/2022\/08\/img-catering-1030x850.png 1030w, https:\/\/grupogogreen.com\/ecm\/wp-content\/uploads\/2022\/08\/img-catering-768x634.png 768w, https:\/\/grupogogreen.com\/ecm\/wp-content\/uploads\/2022\/08\/img-catering-705x582.png 705w\" sizes=\"(max-width: 1200px) 100vw, 1200px\" \/><\/div><\/div><\/div><\/div><div class='av-flex-placeholder'><\/div>\n<style type=\"text\/css\" data-created_by=\"avia_inline_auto\" id=\"style-css-av-l6b7xd8y-458882c57a9e6c0f67d8ab47f4323e41\">\n.flex_column.av-l6b7xd8y-458882c57a9e6c0f67d8ab47f4323e41{\nwidth:58.8%;\nmargin-left:0;\n}\n#top .flex_column_table.av-equal-height-column-flextable.av-l6b7xd8y-458882c57a9e6c0f67d8ab47f4323e41 .av-flex-placeholder{\nwidth:3%;\n}\n<\/style>\n<div class='flex_column av-l6b7xd8y-458882c57a9e6c0f67d8ab47f4323e41 av_three_fifth  avia-builder-el-4  el_after_av_two_fifth  avia-builder-el-last  col-text-catering flex_column_table_cell av-equal-height-column av-align-middle column-top-margin'     ><style type=\"text\/css\" data-created_by=\"avia_inline_auto\" id=\"style-css-av-l6b7pqod-2705dd8d09b9f4a838c6667e6071c562\">\n#top .av_textblock_section.av-l6b7pqod-2705dd8d09b9f4a838c6667e6071c562 .avia_textblock{\ncolor:#21b153;\n}\n<\/style>\n<section  class='av_textblock_section av-l6b7pqod-2705dd8d09b9f4a838c6667e6071c562'  itemscope=\"itemscope\" itemtype=\"https:\/\/schema.org\/CreativeWork\" ><div class='avia_textblock av_inherit_color'  itemprop=\"text\" ><p>La frescura, originalidad, el servicio y la calidad de Go Green pueden llegar hasta tu casa, oficina, colegio y eventos deportivos.<\/p>\n<\/div><\/section><\/div><\/div><!--close column table wrapper. Autoclose: 1 -->\n<br \/>\n<\/div><\/div><\/main><!-- close content main element --><\/div><\/div>\n<style type=\"text\/css\" data-created_by=\"avia_inline_auto\" id=\"style-css-av-l6b8hyf9-542983a5ba73cddbd562e1af7cd1e733\">\n.avia-section.av-l6b8hyf9-542983a5ba73cddbd562e1af7cd1e733{\nbackground-repeat:no-repeat;\nbackground-image:url(https:\/\/grupogogreen.com\/ecm\/wp-content\/uploads\/2022\/08\/rectangulo.png);\nbackground-position:50% 50%;\nbackground-attachment:scroll;\n}\n<\/style>\n<div id='av_section_2'  class='avia-section av-l6b8hyf9-542983a5ba73cddbd562e1af7cd1e733 main_color avia-section-default avia-no-border-styling  avia-builder-el-6  el_after_av_section  el_before_av_section  seccion-container seccion-general-h2 seccion-catering2 avia-full-stretch avia-bg-style-scroll container_wrap sidebar_right'  data-section-bg-repeat='stretch'><div class='container av-section-cont-open' ><div class='template-page content  av-content-small alpha units'><div class='post-entry post-entry-type-page post-entry-1639'><div class='entry-content-wrapper clearfix'>\n<div class='flex_column_table av-l6b9em94-03a652be2c9de118d6f676a50f96749f sc-av_one_half av-equal-height-column-flextable'><div class='flex_column av-l6b9em94-03a652be2c9de118d6f676a50f96749f av_one_half  avia-builder-el-7  el_before_av_one_half  avia-builder-el-first  col-catering1 first flex_column_table_cell av-equal-height-column av-align-middle '     ><style type=\"text\/css\" data-created_by=\"avia_inline_auto\" id=\"style-css-av-l6b8czmp-3e79f5a32007c47fd89f617e982781f4\">\n#top .av_textblock_section.av-l6b8czmp-3e79f5a32007c47fd89f617e982781f4 .avia_textblock{\ncolor:#ffffff;\n}\n<\/style>\n<section  class='av_textblock_section av-l6b8czmp-3e79f5a32007c47fd89f617e982781f4'  itemscope=\"itemscope\" itemtype=\"https:\/\/schema.org\/CreativeWork\" ><div class='avia_textblock av_inherit_color'  itemprop=\"text\" ><p>Con un men\u00fa variado donde las estrellas son las ensaladas gourmet dise\u00f1adas para satisfacer los gustos m\u00e1s exigentes. Asimismo, nuestro men\u00fa es complementado por Igos (wraps) calientes y fr\u00edos, paninis, parfaits, bowls de arroz, sopas, snacks, quesadillas, smoothies, refrescantes bebidas naturales y variedad de postres. Con productos 100% Naturales y Frescos, nosotros atendemos tu evento.<\/p>\n<\/div><\/section><\/div><div class='av-flex-placeholder'><\/div><div class='flex_column av-l6b9eu1e-9d7d105182216ec42fca9f20d2eb750f av_one_half  avia-builder-el-9  el_after_av_one_half  avia-builder-el-last  col-catering2 flex_column_table_cell av-equal-height-column av-align-middle '     ><style type=\"text\/css\" data-created_by=\"avia_inline_auto\" id=\"style-css-av-l6b8s6r0-f10e9742fd15201a85cbcb8735043ca9\">\n.avia-image-container.av-l6b8s6r0-f10e9742fd15201a85cbcb8735043ca9 img.avia_image{\nbox-shadow:none;\n}\n.avia-image-container.av-l6b8s6r0-f10e9742fd15201a85cbcb8735043ca9 .av-image-caption-overlay-center{\ncolor:#ffffff;\n}\n<\/style>\n<div  class='avia-image-container av-l6b8s6r0-f10e9742fd15201a85cbcb8735043ca9 av-styling- avia-align-center  avia-builder-el-10  avia-builder-el-no-sibling '   itemprop=\"image\" itemscope=\"itemscope\" itemtype=\"https:\/\/schema.org\/ImageObject\" ><div class=\"avia-image-container-inner\"><div class=\"avia-image-overlay-wrap\"><img decoding=\"async\" class='wp-image-1660 avia-img-lazy-loading-not-1660 avia_image ' src=\"https:\/\/grupogogreen.com\/ecm\/wp-content\/uploads\/2022\/08\/img-catering2.png\" alt='' title='img-catering2'  height=\"1208\" width=\"1000\"  itemprop=\"thumbnailUrl\" srcset=\"https:\/\/grupogogreen.com\/ecm\/wp-content\/uploads\/2022\/08\/img-catering2.png 1000w, https:\/\/grupogogreen.com\/ecm\/wp-content\/uploads\/2022\/08\/img-catering2-248x300.png 248w, https:\/\/grupogogreen.com\/ecm\/wp-content\/uploads\/2022\/08\/img-catering2-853x1030.png 853w, https:\/\/grupogogreen.com\/ecm\/wp-content\/uploads\/2022\/08\/img-catering2-768x928.png 768w, https:\/\/grupogogreen.com\/ecm\/wp-content\/uploads\/2022\/08\/img-catering2-584x705.png 584w\" sizes=\"(max-width: 1000px) 100vw, 1000px\" \/><\/div><\/div><\/div><\/div><\/div><!--close column table wrapper. Autoclose: 1 --><\/div><\/div><\/div><!-- close content main div --><\/div><\/div><div id='av_section_3'  class='avia-section av-l6b9jpjz-1fadfc4d3814a0e26055d943bf0b757e main_color avia-section-default avia-no-border-styling  avia-builder-el-11  el_after_av_section  el_before_av_section  invalid-custom-class-found seccion-catering3 avia-bg-style-scroll container_wrap sidebar_right'  ><div class='container av-section-cont-open' ><div class='template-page content  av-content-small alpha units'><div class='post-entry post-entry-type-page post-entry-1639'><div class='entry-content-wrapper clearfix'>\n\n<style type=\"text\/css\" data-created_by=\"avia_inline_auto\" id=\"style-css-av-l6b97uxy-53e35db867a82889a2186f62b2effad1\">\n.flex_column.av-l6b97uxy-53e35db867a82889a2186f62b2effad1{\nbackground-color:#65c2c4;\n}\n<\/style>\n<div class='flex_column av-l6b97uxy-53e35db867a82889a2186f62b2effad1 av_one_half  avia-builder-el-12  el_before_av_one_half  avia-builder-el-first  col-general-colores first flex_column_div '     ><style type=\"text\/css\" data-created_by=\"avia_inline_auto\" id=\"style-css-av-l6b997yx-55d1d93fe565a6705c73d37ec944f6b9\">\n#top .av_textblock_section.av-l6b997yx-55d1d93fe565a6705c73d37ec944f6b9 .avia_textblock{\ncolor:#ffffff;\n}\n<\/style>\n<section  class='av_textblock_section av-l6b997yx-55d1d93fe565a6705c73d37ec944f6b9'  itemscope=\"itemscope\" itemtype=\"https:\/\/schema.org\/CreativeWork\" ><div class='avia_textblock text-general-colores tex1-colores av_inherit_color'  itemprop=\"text\" ><h2>Eventos Familiares<\/h2>\n<\/div><\/section><\/div>\n<style type=\"text\/css\" data-created_by=\"avia_inline_auto\" id=\"style-css-av-l6b9rd46-8952d7cac879a2a605eab100d8fe4526\">\n.flex_column.av-l6b9rd46-8952d7cac879a2a605eab100d8fe4526{\nbackground-color:#b8d11a;\n}\n<\/style>\n<div class='flex_column av-l6b9rd46-8952d7cac879a2a605eab100d8fe4526 av_one_half  avia-builder-el-14  el_after_av_one_half  el_before_av_one_half  col-general-colores flex_column_div '     ><style type=\"text\/css\" data-created_by=\"avia_inline_auto\" id=\"style-css-av-l6b9rnp2-eae978d4a3b94114a1f6df1c2bbd60cd\">\n#top .av_textblock_section.av-l6b9rnp2-eae978d4a3b94114a1f6df1c2bbd60cd .avia_textblock{\ncolor:#ffffff;\n}\n<\/style>\n<section  class='av_textblock_section av-l6b9rnp2-eae978d4a3b94114a1f6df1c2bbd60cd'  itemscope=\"itemscope\" itemtype=\"https:\/\/schema.org\/CreativeWork\" ><div class='avia_textblock text-general-colores tex2-colores av_inherit_color'  itemprop=\"text\" ><h2>Eventos Deportivos<\/h2>\n<\/div><\/section><\/div>\n<style type=\"text\/css\" data-created_by=\"avia_inline_auto\" id=\"style-css-av-l6ba83iv-0913165f57d4a6efe2d95f0122f98747\">\n.flex_column.av-l6ba83iv-0913165f57d4a6efe2d95f0122f98747{\nbackground-color:#ff9100;\n}\n<\/style>\n<div class='flex_column av-l6ba83iv-0913165f57d4a6efe2d95f0122f98747 av_one_half  avia-builder-el-16  el_after_av_one_half  el_before_av_one_half  col-general-colores first flex_column_div column-top-margin'     ><style type=\"text\/css\" data-created_by=\"avia_inline_auto\" id=\"style-css-av-l6ba942v-ec6c5fd1286d353b66ea7f8ce02f3be4\">\n#top .av_textblock_section.av-l6ba942v-ec6c5fd1286d353b66ea7f8ce02f3be4 .avia_textblock{\ncolor:#ffffff;\n}\n<\/style>\n<section  class='av_textblock_section av-l6ba942v-ec6c5fd1286d353b66ea7f8ce02f3be4'  itemscope=\"itemscope\" itemtype=\"https:\/\/schema.org\/CreativeWork\" ><div class='avia_textblock text-general-colores tex3-colores av_inherit_color'  itemprop=\"text\" ><h2>Eventos Corporativos<\/h2>\n<\/div><\/section><\/div>\n<style type=\"text\/css\" data-created_by=\"avia_inline_auto\" id=\"style-css-av-l6ba8ege-97772d5125f215ecaf2ab94b46c211b5\">\n.flex_column.av-l6ba8ege-97772d5125f215ecaf2ab94b46c211b5{\nbackground-color:#f78b5f;\n}\n<\/style>\n<div class='flex_column av-l6ba8ege-97772d5125f215ecaf2ab94b46c211b5 av_one_half  avia-builder-el-18  el_after_av_one_half  avia-builder-el-last  col-general-colores flex_column_div column-top-margin'     ><style type=\"text\/css\" data-created_by=\"avia_inline_auto\" id=\"style-css-av-l6ba9dja-5528adc4404de4efefa7535273832d48\">\n#top .av_textblock_section.av-l6ba9dja-5528adc4404de4efefa7535273832d48 .avia_textblock{\ncolor:#ffffff;\n}\n<\/style>\n<section  class='av_textblock_section av-l6ba9dja-5528adc4404de4efefa7535273832d48'  itemscope=\"itemscope\" itemtype=\"https:\/\/schema.org\/CreativeWork\" ><div class='avia_textblock text-general-colores tex4-colores av_inherit_color'  itemprop=\"text\" ><h2>Eventos Educativos<\/h2>\n<\/div><\/section><\/div><\/div><\/div><\/div><!-- close content main div --><\/div><\/div><div id='av_section_4'  class='avia-section av-l6bafyzb-b8bd2bb6ad3e1b64b69d05ae99c2e5dc main_color avia-section-default avia-no-border-styling  avia-builder-el-20  el_after_av_section  el_before_av_section  invalid-custom-class-found seccion-catering4 avia-bg-style-scroll container_wrap sidebar_right'  ><div class='container av-section-cont-open' ><div class='template-page content  av-content-small alpha units'><div class='post-entry post-entry-type-page post-entry-1639'><div class='entry-content-wrapper clearfix'>\n<div class='flex_column av-av_one_half-a961ec8c42a44a397321d1a2224da3ca av_one_half  avia-builder-el-21  el_before_av_one_half  avia-builder-el-first  first flex_column_div '     ><style type=\"text\/css\" data-created_by=\"avia_inline_auto\" id=\"style-css-av-l6bafmno-34d301145e45791a03931decb9cea2eb\">\n#top .av_textblock_section.av-l6bafmno-34d301145e45791a03931decb9cea2eb .avia_textblock{\ncolor:#b8d11a;\n}\n<\/style>\n<section  class='av_textblock_section av-l6bafmno-34d301145e45791a03931decb9cea2eb'  itemscope=\"itemscope\" itemtype=\"https:\/\/schema.org\/CreativeWork\" ><div class='avia_textblock av_inherit_color'  itemprop=\"text\" ><h1>Solicita<br \/>\n<strong>informaci\u00f3n<\/strong><\/h1>\n<h2>para planificar <strong>tu pedido<\/strong><\/h2>\n<\/div><\/section><\/div><div class='flex_column av-av_one_half-e38f08a368d22f46ed35f78008f927bf av_one_half  avia-builder-el-23  el_after_av_one_half  avia-builder-el-last  flex_column_div '     ><style type=\"text\/css\" data-created_by=\"avia_inline_auto\" id=\"style-css-av-l6baqvrk-31669838140cd91bda79536882beee93\">\n#top .av_textblock_section.av-l6baqvrk-31669838140cd91bda79536882beee93 .avia_textblock{\ncolor:#848484;\n}\n<\/style>\n<section  class='av_textblock_section av-l6baqvrk-31669838140cd91bda79536882beee93'  itemscope=\"itemscope\" itemtype=\"https:\/\/schema.org\/CreativeWork\" ><div class='avia_textblock av_inherit_color'  itemprop=\"text\" ><p class=\"mail info-general\"><a href=\"mailto:info@grupogogreen.com\">info@grupogogreen.com<\/a><br \/>\n<a href=\"mailto:mercadeogogreengt@gmail.com\">mercadeogogreengt@gmail.com<\/a><\/p>\n<p class=\"phone info-general\">Tel\u00e9fono <a href=\"tel:+50223767600\">+(502) 2376 7600<\/a><\/p>\n<\/div><\/section><\/div><\/div><\/div><\/div><!-- close content main div --><\/div><\/div><div id='av_section_5'  class='avia-section av-l6bb568z-a72dae8735ca40ef137b7bb169b5b9ae main_color avia-section-default avia-no-border-styling  avia-builder-el-25  el_after_av_section  avia-builder-el-last  invalid-custom-class-found seccion-catering5 avia-bg-style-scroll container_wrap sidebar_right'  ><div class='container av-section-cont-open' ><div class='template-page content  av-content-small alpha units'><div class='post-entry post-entry-type-page post-entry-1639'><div class='entry-content-wrapper clearfix'>\n\n<style type=\"text\/css\" data-created_by=\"avia_inline_auto\" id=\"style-css-av-l6bbbgu9-f51520f2d6400ed032a460ca6da8bac9\">\n#top .avia-gallery.av-l6bbbgu9-f51520f2d6400ed032a460ca6da8bac9 .avia-gallery-thumb a{\nwidth:100%;\n}\n<\/style>\n<div  class='avia-gallery av-l6bbbgu9-f51520f2d6400ed032a460ca6da8bac9 avia_animate_when_visible animations_off avia-gallery-1'  itemprop=\"image\" itemscope=\"itemscope\" itemtype=\"https:\/\/schema.org\/ImageObject\" ><meta itemprop=\"contentURL\" content=\"https:\/\/grupogogreen.com\/ecm\/catering\/\"><div class='avia-gallery-thumb'><a href=\"https:\/\/grupogogreen.com\/ecm\/wp-content\/uploads\/2022\/08\/photo-carrusel-catering2-1030x550.jpg\" data-srcset=\"https:\/\/grupogogreen.com\/ecm\/wp-content\/uploads\/2022\/08\/photo-carrusel-catering2-1030x550.jpg 1030w, https:\/\/grupogogreen.com\/ecm\/wp-content\/uploads\/2022\/08\/photo-carrusel-catering2-300x160.jpg 300w, https:\/\/grupogogreen.com\/ecm\/wp-content\/uploads\/2022\/08\/photo-carrusel-catering2-768x410.jpg 768w, https:\/\/grupogogreen.com\/ecm\/wp-content\/uploads\/2022\/08\/photo-carrusel-catering2-705x376.jpg 705w, https:\/\/grupogogreen.com\/ecm\/wp-content\/uploads\/2022\/08\/photo-carrusel-catering2.jpg 1295w\" data-sizes=\"(max-width: 1030px) 100vw, 1030px\" data-rel='gallery-1' data-prev-img='https:\/\/grupogogreen.com\/ecm\/wp-content\/uploads\/2022\/08\/photo-carrusel-catering2-495x400.jpg' class='first_thumb avianolink noLightbox ' data-onclick='1' title='photo-carrusel-catering2'  itemprop=\"thumbnailUrl\"  ><img decoding=\"async\" class=\"wp-image-1686 avia-img-lazy-loading-not-1686\"   src=\"https:\/\/grupogogreen.com\/ecm\/wp-content\/uploads\/2022\/08\/photo-carrusel-catering2.jpg\" width=\"1295\" height=\"691\"  title='photo-carrusel-catering2' alt='' srcset=\"https:\/\/grupogogreen.com\/ecm\/wp-content\/uploads\/2022\/08\/photo-carrusel-catering2.jpg 1295w, https:\/\/grupogogreen.com\/ecm\/wp-content\/uploads\/2022\/08\/photo-carrusel-catering2-300x160.jpg 300w, https:\/\/grupogogreen.com\/ecm\/wp-content\/uploads\/2022\/08\/photo-carrusel-catering2-1030x550.jpg 1030w, https:\/\/grupogogreen.com\/ecm\/wp-content\/uploads\/2022\/08\/photo-carrusel-catering2-768x410.jpg 768w, https:\/\/grupogogreen.com\/ecm\/wp-content\/uploads\/2022\/08\/photo-carrusel-catering2-705x376.jpg 705w\" sizes=\"(max-width: 1295px) 100vw, 1295px\" \/><div class='big-prev-fake'><img loading=\"lazy\" decoding=\"async\" class=\"wp-image-1686 avia-img-lazy-loading-1686\"  width=\"495\" height=\"400\" src=\"https:\/\/grupogogreen.com\/ecm\/wp-content\/uploads\/2022\/08\/photo-carrusel-catering2-495x400.jpg\" title='photo-carrusel-catering2' alt='' srcset=\"https:\/\/grupogogreen.com\/ecm\/wp-content\/uploads\/2022\/08\/photo-carrusel-catering2-495x400.jpg 495w, https:\/\/grupogogreen.com\/ecm\/wp-content\/uploads\/2022\/08\/photo-carrusel-catering2-845x684.jpg 845w\" sizes=\"auto, (max-width: 495px) 100vw, 495px\" \/><\/div><\/a><\/div><\/div>\n<\/div><\/div><\/div><!-- close content main div --><\/div><\/div><div id='after_section_5'  class='main_color av_default_container_wrap container_wrap sidebar_right'  ><div class='container av-section-cont-open' ><div class='template-page content  av-content-small alpha units'><div class='post-entry post-entry-type-page post-entry-1639'><div class='entry-content-wrapper clearfix'><\/p>\n","protected":false},"excerpt":{"rendered":"","protected":false},"author":1,"featured_media":0,"parent":0,"menu_order":0,"comment_status":"closed","ping_status":"closed","template":"","meta":{"footnotes":""},"class_list":["post-1639","page","type-page","status-publish","hentry"],"_links":{"self":[{"href":"https:\/\/grupogogreen.com\/ecm\/wp-json\/wp\/v2\/pages\/1639","targetHints":{"allow":["GET"]}}],"collection":[{"href":"https:\/\/grupogogreen.com\/ecm\/wp-json\/wp\/v2\/pages"}],"about":[{"href":"https:\/\/grupogogreen.com\/ecm\/wp-json\/wp\/v2\/types\/page"}],"author":[{"embeddable":true,"href":"https:\/\/grupogogreen.com\/ecm\/wp-json\/wp\/v2\/users\/1"}],"replies":[{"embeddable":true,"href":"https:\/\/grupogogreen.com\/ecm\/wp-json\/wp\/v2\/comments?post=1639"}],"version-history":[{"count":39,"href":"https:\/\/grupogogreen.com\/ecm\/wp-json\/wp\/v2\/pages\/1639\/revisions"}],"predecessor-version":[{"id":1689,"href":"https:\/\/grupogogreen.com\/ecm\/wp-json\/wp\/v2\/pages\/1639\/revisions\/1689"}],"wp:attachment":[{"href":"https:\/\/grupogogreen.com\/ecm\/wp-json\/wp\/v2\/media?parent=1639"}],"curies":[{"name":"wp","href":"https:\/\/api.w.org\/{rel}","templated":true}]}}