{"id":1148,"date":"2022-07-20T00:18:39","date_gmt":"2022-07-20T00:18:39","guid":{"rendered":"https:\/\/grupogogreen.com\/pe\/?page_id=1148"},"modified":"2022-08-17T11:31:59","modified_gmt":"2022-08-17T17:31:59","slug":"bowl-thai-ger","status":"publish","type":"page","link":"https:\/\/grupogogreen.com\/pe\/menu\/bowls\/bowl-thai-ger\/","title":{"rendered":"Bowl Thai-ger"},"content":{"rendered":"\n<style type=\"text\/css\" data-created_by=\"avia_inline_auto\" id=\"style-css-av-1bm84os-d94b3c14fa511fe6d861134e2091d8b5\">\n.avia-section.av-1bm84os-d94b3c14fa511fe6d861134e2091d8b5{\nbackground-repeat:no-repeat;\nbackground-image:url(https:\/\/grupogogreen.com\/pe\/wp-content\/uploads\/2022\/07\/fondo-producto.jpg);\nbackground-position:50% 50%;\nbackground-attachment:scroll;\n}\n<\/style>\n<div id='av_section_1'  class='avia-section av-1bm84os-d94b3c14fa511fe6d861134e2091d8b5 main_color avia-section-default avia-no-border-styling  avia-builder-el-0  avia-builder-el-no-sibling  seccion-container seccion-producto avia-full-stretch avia-bg-style-scroll container_wrap sidebar_right'  data-section-bg-repeat='stretch'><div class='container av-section-cont-open' ><main  role=\"main\" itemprop=\"mainContentOfPage\"  class='template-page content  av-content-small alpha units'><div class='post-entry post-entry-type-page post-entry-1148'><div class='entry-content-wrapper clearfix'>\n\n<style type=\"text\/css\" data-created_by=\"avia_inline_auto\" id=\"style-css-av-4jfxvg-fafd1e5ffb38e4e2554cd217e5b24f22\">\n.flex_column.av-4jfxvg-fafd1e5ffb38e4e2554cd217e5b24f22{\nwidth:57.6%;\n}\n<\/style>\n<div class='flex_column av-4jfxvg-fafd1e5ffb38e4e2554cd217e5b24f22 av_three_fifth  avia-builder-el-1  el_before_av_two_fifth  avia-builder-el-first  col-imagen-producto first flex_column_div '     ><p>\n<style type=\"text\/css\" data-created_by=\"avia_inline_auto\" id=\"style-css-av-l5suuxre-7d2c1627dc4c9b3f808c3271a108eda4\">\n#top .av_textblock_section.av-l5suuxre-7d2c1627dc4c9b3f808c3271a108eda4 .avia_textblock{\ncolor:#999999;\n}\n<\/style>\n<section  class='av_textblock_section av-l5suuxre-7d2c1627dc4c9b3f808c3271a108eda4'  itemscope=\"itemscope\" itemtype=\"https:\/\/schema.org\/CreativeWork\" ><div class='avia_textblock text-ruta av_inherit_color'  itemprop=\"text\" ><p><a href=\"https:\/\/grupogogreen.com\/pe\/menu\/\">Men\u00fa<\/a> \/ <a href=\"https:\/\/grupogogreen.com\/pe\/menu\/bowls\/\">Bowls<\/a> \/ Bowl Thai-ger<\/p>\n<\/div><\/section><br \/>\n\n<style type=\"text\/css\" data-created_by=\"avia_inline_auto\" id=\"style-css-av-l5suw6ex-8e10054fd3191ba5fbdc38d1dec9d518\">\n.avia-image-container.av-l5suw6ex-8e10054fd3191ba5fbdc38d1dec9d518 img.avia_image{\nbox-shadow:none;\n}\n.avia-image-container.av-l5suw6ex-8e10054fd3191ba5fbdc38d1dec9d518 .av-image-caption-overlay-center{\ncolor:#ffffff;\n}\n<\/style>\n<div  class='avia-image-container av-l5suw6ex-8e10054fd3191ba5fbdc38d1dec9d518 av-styling- avia-align-center  avia-builder-el-3  el_after_av_textblock  el_before_av_textblock '   itemprop=\"image\" itemscope=\"itemscope\" itemtype=\"https:\/\/schema.org\/ImageObject\" ><div class=\"avia-image-container-inner\"><div class=\"avia-image-overlay-wrap\"><img decoding=\"async\" class='wp-image-1140 avia-img-lazy-loading-not-1140 avia_image ' src=\"https:\/\/grupogogreen.com\/pe\/wp-content\/uploads\/2022\/07\/Thaiger.png\" alt='' title='Thaiger'  height=\"1000\" width=\"1000\"  itemprop=\"thumbnailUrl\" srcset=\"https:\/\/grupogogreen.com\/pe\/wp-content\/uploads\/2022\/07\/Thaiger.png 1000w, https:\/\/grupogogreen.com\/pe\/wp-content\/uploads\/2022\/07\/Thaiger-300x300.png 300w, https:\/\/grupogogreen.com\/pe\/wp-content\/uploads\/2022\/07\/Thaiger-80x80.png 80w, https:\/\/grupogogreen.com\/pe\/wp-content\/uploads\/2022\/07\/Thaiger-768x768.png 768w, https:\/\/grupogogreen.com\/pe\/wp-content\/uploads\/2022\/07\/Thaiger-36x36.png 36w, https:\/\/grupogogreen.com\/pe\/wp-content\/uploads\/2022\/07\/Thaiger-180x180.png 180w, https:\/\/grupogogreen.com\/pe\/wp-content\/uploads\/2022\/07\/Thaiger-705x705.png 705w\" sizes=\"(max-width: 1000px) 100vw, 1000px\" \/><\/div><\/div><\/div><br \/>\n\n<style type=\"text\/css\" data-created_by=\"avia_inline_auto\" id=\"style-css-av-av_textblock-6d7e9b374f1f11681e618c4efa375f0b\">\n#top .av_textblock_section.av-av_textblock-6d7e9b374f1f11681e618c4efa375f0b .avia_textblock{\ncolor:#2db158;\n}\n<\/style>\n<section  class='av_textblock_section av-av_textblock-6d7e9b374f1f11681e618c4efa375f0b'  itemscope=\"itemscope\" itemtype=\"https:\/\/schema.org\/CreativeWork\" ><div class='avia_textblock text-delivery av_inherit_color'  itemprop=\"text\" ><h2>PIDE TU<br \/>\n<strong>DELIVERY EN<\/strong><\/h2>\n<p><a href=\"#\"><img loading=\"lazy\" decoding=\"async\" class=\"alignnone wp-image-989 size-full\" src=\"https:\/\/grupogogreen.com\/pe\/wp-content\/uploads\/2022\/07\/hugo.jpg\" alt=\"\" width=\"300\" height=\"300\" srcset=\"https:\/\/grupogogreen.com\/pe\/wp-content\/uploads\/2022\/07\/hugo.jpg 300w, https:\/\/grupogogreen.com\/pe\/wp-content\/uploads\/2022\/07\/hugo-80x80.jpg 80w, https:\/\/grupogogreen.com\/pe\/wp-content\/uploads\/2022\/07\/hugo-36x36.jpg 36w, https:\/\/grupogogreen.com\/pe\/wp-content\/uploads\/2022\/07\/hugo-180x180.jpg 180w\" sizes=\"auto, (max-width: 300px) 100vw, 300px\" \/><\/a><\/p>\n<p><a href=\"https:\/\/www.pedidosya.com.gt\/cadenas\/go-green\" target=\"_blank\" rel=\"noopener\"><img loading=\"lazy\" decoding=\"async\" class=\"alignnone wp-image-990 size-full\" src=\"https:\/\/grupogogreen.com\/pe\/wp-content\/uploads\/2022\/07\/pedidos-ya.jpg\" alt=\"\" width=\"300\" height=\"300\" srcset=\"https:\/\/grupogogreen.com\/pe\/wp-content\/uploads\/2022\/07\/pedidos-ya.jpg 300w, https:\/\/grupogogreen.com\/pe\/wp-content\/uploads\/2022\/07\/pedidos-ya-80x80.jpg 80w, https:\/\/grupogogreen.com\/pe\/wp-content\/uploads\/2022\/07\/pedidos-ya-36x36.jpg 36w, https:\/\/grupogogreen.com\/pe\/wp-content\/uploads\/2022\/07\/pedidos-ya-180x180.jpg 180w\" sizes=\"auto, (max-width: 300px) 100vw, 300px\" \/><\/a><\/p>\n<p><a href=\"https:\/\/www.ubereats.com\/gt?q=gogreen\" target=\"_blank\" rel=\"noopener\"><img loading=\"lazy\" decoding=\"async\" class=\"alignnone wp-image-991 size-full\" src=\"https:\/\/grupogogreen.com\/pe\/wp-content\/uploads\/2022\/07\/uber-eats.jpg\" alt=\"\" width=\"300\" height=\"300\" srcset=\"https:\/\/grupogogreen.com\/pe\/wp-content\/uploads\/2022\/07\/uber-eats.jpg 300w, https:\/\/grupogogreen.com\/pe\/wp-content\/uploads\/2022\/07\/uber-eats-80x80.jpg 80w, https:\/\/grupogogreen.com\/pe\/wp-content\/uploads\/2022\/07\/uber-eats-36x36.jpg 36w, https:\/\/grupogogreen.com\/pe\/wp-content\/uploads\/2022\/07\/uber-eats-180x180.jpg 180w\" sizes=\"auto, (max-width: 300px) 100vw, 300px\" \/><\/a><\/p>\n<\/div><\/section><\/p><\/div>\n<style type=\"text\/css\" data-created_by=\"avia_inline_auto\" id=\"style-css-av-16io6vw-55b1b86a4aed5bdcfb04f1c3b89cc96a\">\n.flex_column.av-16io6vw-55b1b86a4aed5bdcfb04f1c3b89cc96a{\nwidth:36.4%;\nmargin-left:6%;\n}\n<\/style>\n<div class='flex_column av-16io6vw-55b1b86a4aed5bdcfb04f1c3b89cc96a av_two_fifth  avia-builder-el-5  el_after_av_three_fifth  avia-builder-el-last  col-descripcion flex_column_div '     ><style type=\"text\/css\" data-created_by=\"avia_inline_auto\" id=\"style-css-av-l5suv8ic-8ec29ff3b89172f47caea1fe8c0a6422\">\n#top .av_textblock_section.av-l5suv8ic-8ec29ff3b89172f47caea1fe8c0a6422 .avia_textblock{\ncolor:#999999;\n}\n<\/style>\n<section  class='av_textblock_section av-l5suv8ic-8ec29ff3b89172f47caea1fe8c0a6422'  itemscope=\"itemscope\" itemtype=\"https:\/\/schema.org\/CreativeWork\" ><div class='avia_textblock title-img1 av_inherit_color'  itemprop=\"text\" ><h1 style=\"text-align: left;\">Bowl Thai-ger<\/h1>\n<\/div><\/section><br \/>\n\n<style type=\"text\/css\" data-created_by=\"avia_inline_auto\" id=\"style-css-av-l5suvlrg-e84d2ed65c477da1c90fd92531272260\">\n#top .av_textblock_section.av-l5suvlrg-e84d2ed65c477da1c90fd92531272260 .avia_textblock{\ncolor:#999999;\n}\n<\/style>\n<section  class='av_textblock_section av-l5suvlrg-e84d2ed65c477da1c90fd92531272260'  itemscope=\"itemscope\" itemtype=\"https:\/\/schema.org\/CreativeWork\" ><div class='avia_textblock text-descripcion av_inherit_color'  itemprop=\"text\" ><p>Arroz, Camar\u00f3n, Br\u00f3coli, Zanahoria, Lechuga, Cebolla, Fideo Frito, Man\u00ed, Cilantro, Ajonjol\u00ed y Aderezo Japon\u00e9s.<\/p>\n<\/div><\/section><br \/>\n\n<style type=\"text\/css\" data-created_by=\"avia_inline_auto\" id=\"style-css-av-42yg4s-f0b58bfeaec8c0e9e3950f28bcee3c21\">\n#top .av_textblock_section.av-42yg4s-f0b58bfeaec8c0e9e3950f28bcee3c21 .avia_textblock{\ncolor:#000000;\n}\n<\/style>\n<section  class='av_textblock_section av-42yg4s-f0b58bfeaec8c0e9e3950f28bcee3c21'  itemscope=\"itemscope\" itemtype=\"https:\/\/schema.org\/CreativeWork\" ><div class='avia_textblock text-descripcion av_inherit_color'  itemprop=\"text\" ><p><strong>Datos Nutricionales<\/strong><\/p>\n<\/div><\/section><br \/>\n<div class='avia-data-table-wrap av-12clgfg-d9dfdb817b1dbefb5383cfb6be5dafb7 avia_responsive_table avia-table-1'><table  class='avia-table avia-data-table avia_pricing_minimal  avia-builder-el-9  el_after_av_textblock  el_before_av_textblock  tabla-producto'  itemscope=\"itemscope\" itemtype=\"https:\/\/schema.org\/Table\" ><tbody><tr class='avia-heading-row'><th class='avia-center-col'><\/th><th class=''>Por porci\u00f3n<\/th><\/tr><tr class=''><td class='avia-center-col'>Energ\u00eda<\/td><td class=''>179 kcal<\/td><\/tr><tr class=''><td class='avia-center-col'>Grasa<\/td><td class=''>42 gr<\/td><\/tr><tr class=''><td class='avia-center-col'>Grasa Saturada<\/td><td class=''>16 gr<\/td><\/tr><tr class=''><td class='avia-center-col'>Carbohidratos<\/td><td class=''>52 gr<\/td><\/tr><tr class=''><td class='avia-center-col'>Az\u00facar<\/td><td class=''>3 gr<\/td><\/tr><tr class=''><td class='avia-center-col'>Proteina<\/td><td class=''>31 gr<\/td><\/tr><\/tbody><\/table><\/div><style type='text\/css'>.avia-table-1 td:nth-of-type(1):before { content: ''; } .avia-table-1 td:nth-of-type(2):before { content: 'Por porci\u00f3n'; } <\/style><br \/>\n\n<style type=\"text\/css\" data-created_by=\"avia_inline_auto\" id=\"style-css-av-2cria4-f68781f25297ece87bd97355c1b7ade3\">\n#top .av_textblock_section.av-2cria4-f68781f25297ece87bd97355c1b7ade3 .avia_textblock{\ncolor:#999999;\n}\n<\/style>\n<section  class='av_textblock_section av-2cria4-f68781f25297ece87bd97355c1b7ade3'  itemscope=\"itemscope\" itemtype=\"https:\/\/schema.org\/CreativeWork\" ><div class='avia_textblock text-disponiblilidad av_inherit_color'  itemprop=\"text\" ><p style=\"text-align: center;\">Disponibilidad puede variar a ubicaci\u00f3n o territorio<\/p>\n<\/div><\/section><\/p><\/div><\/div><\/div><\/main><!-- close content main element --><\/div><\/div><div id='after_section_1'  class='main_color av_default_container_wrap container_wrap sidebar_right'  ><div class='container av-section-cont-open' ><div class='template-page content  av-content-small alpha units'><div class='post-entry post-entry-type-page post-entry-1148'><div class='entry-content-wrapper clearfix'>\n","protected":false},"excerpt":{"rendered":"","protected":false},"author":3,"featured_media":0,"parent":1133,"menu_order":0,"comment_status":"closed","ping_status":"closed","template":"","meta":{"footnotes":""},"class_list":["post-1148","page","type-page","status-publish","hentry"],"_links":{"self":[{"href":"https:\/\/grupogogreen.com\/pe\/wp-json\/wp\/v2\/pages\/1148","targetHints":{"allow":["GET"]}}],"collection":[{"href":"https:\/\/grupogogreen.com\/pe\/wp-json\/wp\/v2\/pages"}],"about":[{"href":"https:\/\/grupogogreen.com\/pe\/wp-json\/wp\/v2\/types\/page"}],"author":[{"embeddable":true,"href":"https:\/\/grupogogreen.com\/pe\/wp-json\/wp\/v2\/users\/3"}],"replies":[{"embeddable":true,"href":"https:\/\/grupogogreen.com\/pe\/wp-json\/wp\/v2\/comments?post=1148"}],"version-history":[{"count":2,"href":"https:\/\/grupogogreen.com\/pe\/wp-json\/wp\/v2\/pages\/1148\/revisions"}],"predecessor-version":[{"id":1813,"href":"https:\/\/grupogogreen.com\/pe\/wp-json\/wp\/v2\/pages\/1148\/revisions\/1813"}],"up":[{"embeddable":true,"href":"https:\/\/grupogogreen.com\/pe\/wp-json\/wp\/v2\/pages\/1133"}],"wp:attachment":[{"href":"https:\/\/grupogogreen.com\/pe\/wp-json\/wp\/v2\/media?parent=1148"}],"curies":[{"name":"wp","href":"https:\/\/api.w.org\/{rel}","templated":true}]}}