{"id":1619,"date":"2022-08-01T12:21:48","date_gmt":"2022-08-01T18:21:48","guid":{"rendered":"https:\/\/grupogogreen.com\/pe\/?page_id=1619"},"modified":"2022-08-29T11:54:39","modified_gmt":"2022-08-29T17:54:39","slug":"unete-al-equipo","status":"publish","type":"page","link":"https:\/\/grupogogreen.com\/pe\/unete-al-equipo\/","title":{"rendered":"\u00danete al equipo"},"content":{"rendered":"\n<style type=\"text\/css\" data-created_by=\"avia_inline_auto\" id=\"style-css-av-l6b31jfv-989f3688920ac9d21e10f67289df50b3\">\n.avia-section.av-l6b31jfv-989f3688920ac9d21e10f67289df50b3{\nbackground-repeat:no-repeat;\nbackground-image:url(https:\/\/grupogogreen.com\/pe\/wp-content\/uploads\/2022\/08\/fondo-proovedores.png);\nbackground-position:0% 0%;\nbackground-attachment:scroll;\n}\n<\/style>\n<div id='av_section_1'  class='avia-section av-l6b31jfv-989f3688920ac9d21e10f67289df50b3 main_color avia-section-default avia-no-border-styling  avia-builder-el-0  avia-builder-el-no-sibling  seccion-container seccion-unete-equipo avia-bg-style-scroll container_wrap sidebar_right'  data-section-bg-repeat='no-repeat'><div class='container av-section-cont-open' ><main  role=\"main\" itemprop=\"mainContentOfPage\"  class='template-page content  av-content-small alpha units'><div class='post-entry post-entry-type-page post-entry-1619'><div class='entry-content-wrapper clearfix'>\n\n<style type=\"text\/css\" data-created_by=\"avia_inline_auto\" id=\"style-css-av-l6b2w9ia-3f6cfca19cb37560e699cb7cfad231ce\">\n#top .av_textblock_section.av-l6b2w9ia-3f6cfca19cb37560e699cb7cfad231ce .avia_textblock{\ncolor:#00c7c4;\n}\n<\/style>\n<section  class='av_textblock_section av-l6b2w9ia-3f6cfca19cb37560e699cb7cfad231ce'  itemscope=\"itemscope\" itemtype=\"https:\/\/schema.org\/CreativeWork\" ><div class='avia_textblock title-img1 av_inherit_color'  itemprop=\"text\" ><h1 style=\"text-align: center;\">\u00danete al equipo<\/h1>\n<\/div><\/section>\n\n<style type=\"text\/css\" data-created_by=\"avia_inline_auto\" id=\"style-css-av-5dkhg3-f94a31ca91fc2e2e7e50ae845f921566\">\n#top .av_textblock_section.av-5dkhg3-f94a31ca91fc2e2e7e50ae845f921566 .avia_textblock{\ncolor:#999999;\n}\n<\/style>\n<section  class='av_textblock_section av-5dkhg3-f94a31ca91fc2e2e7e50ae845f921566'  itemscope=\"itemscope\" itemtype=\"https:\/\/schema.org\/CreativeWork\" ><div class='avia_textblock title-text-d av_inherit_color'  itemprop=\"text\" ><h2>Informaci\u00f3n<\/h2>\n<p>Para mayor informaci\u00f3n sobre nuestras franquicias escr\u00edbenos aqu\u00ed.<\/p>\n<\/div><\/section>\n<section  class='av_textblock_section av-l6b3ilrt-c759bee8648dd25a32e3d706af2ee6fa'  itemscope=\"itemscope\" itemtype=\"https:\/\/schema.org\/CreativeWork\" ><div class='avia_textblock text-form'  itemprop=\"text\" >\n<div class=\"wpcf7 no-js\" id=\"wpcf7-f1625-o1\" lang=\"es-ES\" dir=\"ltr\" data-wpcf7-id=\"1625\">\n<div class=\"screen-reader-response\"><p role=\"status\" aria-live=\"polite\" aria-atomic=\"true\"><\/p> <ul><\/ul><\/div>\n<form action=\"\/pe\/wp-json\/wp\/v2\/pages\/1619#wpcf7-f1625-o1\" method=\"post\" class=\"wpcf7-form init\" aria-label=\"Formulario de contacto\" enctype=\"multipart\/form-data\" novalidate=\"novalidate\" data-status=\"init\">\n<fieldset class=\"hidden-fields-container\"><input type=\"hidden\" name=\"_wpcf7\" value=\"1625\" \/><input type=\"hidden\" name=\"_wpcf7_version\" value=\"6.1.5\" \/><input type=\"hidden\" name=\"_wpcf7_locale\" value=\"es_ES\" \/><input type=\"hidden\" name=\"_wpcf7_unit_tag\" value=\"wpcf7-f1625-o1\" \/><input type=\"hidden\" name=\"_wpcf7_container_post\" value=\"0\" \/><input type=\"hidden\" name=\"_wpcf7_posted_data_hash\" value=\"\" \/>\n<\/fieldset>\n<div class=\"row\">\n\t<div class=\"col6\">\n\t\t<p><span class=\"wpcf7-form-control-wrap\" data-name=\"your-first-name\"><input size=\"40\" maxlength=\"400\" class=\"wpcf7-form-control wpcf7-text wpcf7-validates-as-required input-class\" aria-required=\"true\" aria-invalid=\"false\" placeholder=\"Nombre\" value=\"\" type=\"text\" name=\"your-first-name\" \/><\/span>\n\t\t<\/p>\n\t<\/div>\n\t<div class=\"col6\">\n\t\t<p><span class=\"wpcf7-form-control-wrap\" data-name=\"your-last-name\"><input size=\"40\" maxlength=\"400\" class=\"wpcf7-form-control wpcf7-text wpcf7-validates-as-required input-class\" aria-required=\"true\" aria-invalid=\"false\" placeholder=\"Apellido\" value=\"\" type=\"text\" name=\"your-last-name\" \/><\/span>\n\t\t<\/p>\n\t<\/div>\n\t<div class=\"col12\">\n\t\t<p><span class=\"wpcf7-form-control-wrap\" data-name=\"your-email\"><input size=\"40\" maxlength=\"400\" class=\"wpcf7-form-control wpcf7-email wpcf7-validates-as-required wpcf7-text wpcf7-validates-as-email input-class\" aria-required=\"true\" aria-invalid=\"false\" placeholder=\"Correo Electr\u00f3nico\" value=\"\" type=\"email\" name=\"your-email\" \/><\/span>\n\t\t<\/p>\n\t<\/div>\n\t<div class=\"col6\">\n\t\t<p><span class=\"wpcf7-form-control-wrap\" data-name=\"your-age\"><input size=\"40\" maxlength=\"400\" class=\"wpcf7-form-control wpcf7-text wpcf7-validates-as-required input-class\" aria-required=\"true\" aria-invalid=\"false\" placeholder=\"Edad\" value=\"\" type=\"text\" name=\"your-age\" \/><\/span>\n\t\t<\/p>\n\t<\/div>\n\t<div class=\"col6\">\n\t\t<p><span class=\"wpcf7-form-control-wrap\" data-name=\"your-phone\"><input size=\"40\" maxlength=\"400\" class=\"wpcf7-form-control wpcf7-text wpcf7-validates-as-required input-class\" aria-required=\"true\" aria-invalid=\"false\" placeholder=\"Tel\u00e9fono\" value=\"\" type=\"text\" name=\"your-phone\" \/><\/span>\n\t\t<\/p>\n\t<\/div>\n\t<div class=\"col12\">\n\t\t<p><span class=\"wpcf7-form-control-wrap\" data-name=\"your-zone\"><input size=\"40\" maxlength=\"400\" class=\"wpcf7-form-control wpcf7-text wpcf7-validates-as-required input-class\" aria-required=\"true\" aria-invalid=\"false\" placeholder=\"\u00bfEn que zona y municipio vive?\" value=\"\" type=\"text\" name=\"your-zone\" \/><\/span>\n\t\t<\/p>\n\t<\/div>\n\t<div class=\"col12 selection-y-n\">\n\t\t<p><label>\u00bfActualmente estudia?<\/label><span class=\"wpcf7-form-control-wrap\" data-name=\"estudios\"><span class=\"wpcf7-form-control wpcf7-radio input-selection\"><span class=\"wpcf7-list-item first\"><label><input type=\"radio\" name=\"estudios\" value=\"Si\" checked=\"checked\" \/><span class=\"wpcf7-list-item-label\">Si<\/span><\/label><\/span><span class=\"wpcf7-list-item last\"><label><input type=\"radio\" name=\"estudios\" value=\"No\" \/><span class=\"wpcf7-list-item-label\">No<\/span><\/label><\/span><\/span><\/span>\n\t\t<\/p>\n\t<\/div>\n\t<div class=\"col12\">\n\t\t<p><label class=\"label-top\">Si su respuesta es \"s\u00ed\", indique brevemente en d\u00f3nde estudia y qu\u00e9 estudia. *<\/label><br \/>\n<span class=\"wpcf7-form-control-wrap\" data-name=\"your-answer-study\"><input size=\"40\" maxlength=\"400\" class=\"wpcf7-form-control wpcf7-text input-class\" aria-invalid=\"false\" value=\"\" type=\"text\" name=\"your-answer-study\" \/><\/span>\n\t\t<\/p>\n\t<\/div>\n\t<div class=\"col12\">\n\t\t<p><label class=\"label-top\">En que te gustar\u00eda trabajar<\/label><br \/>\n<span class=\"wpcf7-form-control-wrap\" data-name=\"trabajo-preferencia\"><select class=\"wpcf7-form-control wpcf7-select input-class\" aria-invalid=\"false\" name=\"trabajo-preferencia\"><option value=\"Selecciona tu preferencia\">Selecciona tu preferencia<\/option><option value=\"Opcion 1\">Opcion 1<\/option><option value=\"Opcion 2\">Opcion 2<\/option><option value=\"Opcion 3\">Opcion 3<\/option><\/select><\/span>\n\t\t<\/p>\n\t<\/div>\n\t<div class=\"col12 selection-y-n\">\n\t\t<p><label>Cuentas con m\u00e9todo de transporte<\/label><span class=\"wpcf7-form-control-wrap\" data-name=\"transporte\"><span class=\"wpcf7-form-control wpcf7-radio input-selection\"><span class=\"wpcf7-list-item first\"><label><input type=\"radio\" name=\"transporte\" value=\"Si\" checked=\"checked\" \/><span class=\"wpcf7-list-item-label\">Si<\/span><\/label><\/span><span class=\"wpcf7-list-item last\"><label><input type=\"radio\" name=\"transporte\" value=\"No\" \/><span class=\"wpcf7-list-item-label\">No<\/span><\/label><\/span><\/span><\/span>\n\t\t<\/p>\n\t<\/div>\n\t<div class=\"col12\">\n\t\t<p><label class=\"label-top\">Si su respuesta es \"s\u00ed\", seleccione cual<\/label><br \/>\n<span class=\"wpcf7-form-control-wrap\" data-name=\"tipo-vehiculo\"><span class=\"wpcf7-form-control wpcf7-radio input-selection\"><span class=\"wpcf7-list-item first\"><label><input type=\"radio\" name=\"tipo-vehiculo\" value=\"Moto\" checked=\"checked\" \/><span class=\"wpcf7-list-item-label\">Moto<\/span><\/label><\/span><span class=\"wpcf7-list-item last\"><label><input type=\"radio\" name=\"tipo-vehiculo\" value=\"Carro\" \/><span class=\"wpcf7-list-item-label\">Carro<\/span><\/label><\/span><\/span><\/span>\n\t\t<\/p>\n\t<\/div>\n\t<div class=\"col12 selection-y-n\">\n\t\t<p><label>Tienes experiencia previa en restaurantes<\/label><span class=\"wpcf7-form-control-wrap\" data-name=\"experiencia\"><span class=\"wpcf7-form-control wpcf7-radio input-selection\"><span class=\"wpcf7-list-item first\"><label><input type=\"radio\" name=\"experiencia\" value=\"Si\" checked=\"checked\" \/><span class=\"wpcf7-list-item-label\">Si<\/span><\/label><\/span><span class=\"wpcf7-list-item last\"><label><input type=\"radio\" name=\"experiencia\" value=\"No\" \/><span class=\"wpcf7-list-item-label\">No<\/span><\/label><\/span><\/span><\/span>\n\t\t<\/p>\n\t<\/div>\n\t<div class=\"col12 selection-y-n\">\n\t\t<p><label>Antecedentes penales o policiacos<\/label><span class=\"wpcf7-form-control-wrap\" data-name=\"antecedentes\"><span class=\"wpcf7-form-control wpcf7-radio input-selection\"><span class=\"wpcf7-list-item first\"><label><input type=\"radio\" name=\"antecedentes\" value=\"Si\" checked=\"checked\" \/><span class=\"wpcf7-list-item-label\">Si<\/span><\/label><\/span><span class=\"wpcf7-list-item last\"><label><input type=\"radio\" name=\"antecedentes\" value=\"No\" \/><span class=\"wpcf7-list-item-label\">No<\/span><\/label><\/span><\/span><\/span>\n\t\t<\/p>\n\t<\/div>\n\t<div class=\"col12 selection-y-n\">\n\t\t<p><label>Alg\u00fan familiar trabaja en Go Green<\/label><span class=\"wpcf7-form-control-wrap\" data-name=\"trabajo-familiar\"><span class=\"wpcf7-form-control wpcf7-radio input-selection\"><span class=\"wpcf7-list-item first\"><label><input type=\"radio\" name=\"trabajo-familiar\" value=\"Si\" checked=\"checked\" \/><span class=\"wpcf7-list-item-label\">Si<\/span><\/label><\/span><span class=\"wpcf7-list-item last\"><label><input type=\"radio\" name=\"trabajo-familiar\" value=\"No\" \/><span class=\"wpcf7-list-item-label\">No<\/span><\/label><\/span><\/span><\/span>\n\t\t<\/p>\n\t<\/div>\n\t<div class=\"col12 col-nombre-familiar\">\n\t\t<p><label class=\"label-top\">Nombre del familiar que trabaja en Go Green<\/label><br \/>\n<span class=\"wpcf7-form-control-wrap\" data-name=\"your-family-name\"><input size=\"40\" maxlength=\"400\" class=\"wpcf7-form-control wpcf7-text input-class\" aria-invalid=\"false\" placeholder=\"Nombre\" value=\"\" type=\"text\" name=\"your-family-name\" \/><\/span>\n\t\t<\/p>\n\t\t<p>Luego de haber finalizado el cuestionario, adjunte su CV con fotograf\u00eda. Tomando<br \/>\nen cuenta que el archivo que adjunte \u00fanicamente podr\u00e1 ser en formato WORD o PDF.\n\t\t<\/p>\n\t<\/div>\n\t<div class=\"col12 col-archivo\">\n\t\t<p><span class=\"wpcf7-form-control-wrap\" data-name=\"catalogo\"><input size=\"40\" class=\"wpcf7-form-control wpcf7-file file-select\" id=\"src-file1\" accept=\"audio\/*,video\/*,image\/*\" aria-invalid=\"false\" type=\"file\" name=\"catalogo\" \/><\/span>\n\t\t<\/p>\n\t<\/div>\n\t<div class=\"col12\">\n\t\t<p><input class=\"wpcf7-form-control wpcf7-submit has-spinner input-button\" type=\"submit\" value=\"Enviar\" \/>\n\t\t<\/p>\n\t<\/div>\n<\/div><div class=\"wpcf7-response-output\" aria-hidden=\"true\"><\/div>\n<\/form>\n<\/div>\n\n<\/div><\/section>\n<div class='flex_column_table av-4ie0hv-362f59cb18cb6f7e781bcf013a2f2ecf sc-av_one_full av-equal-height-column-flextable'>\n<style type=\"text\/css\" data-created_by=\"avia_inline_auto\" id=\"style-css-av-4ie0hv-362f59cb18cb6f7e781bcf013a2f2ecf\">\n.flex_column.av-4ie0hv-362f59cb18cb6f7e781bcf013a2f2ecf{\nwidth:100%;\nmargin-left:0;\nbackground:url(https:\/\/grupogogreen.com\/pe\/wp-content\/uploads\/2022\/07\/fondo-ubicaciones.jpg) 0% 0% no-repeat scroll ;\n}\n#top .flex_column_table.av-equal-height-column-flextable.av-4ie0hv-362f59cb18cb6f7e781bcf013a2f2ecf .av-flex-placeholder{\nwidth:0%;\n}\n<\/style>\n<div class='flex_column av-4ie0hv-362f59cb18cb6f7e781bcf013a2f2ecf av_one_full  avia-builder-el-4  el_after_av_textblock  el_before_av_two_third  col-sucursal first flex_column_table_cell av-equal-height-column av-align-top avia-full-stretch column-top-margin'     ><style type=\"text\/css\" data-created_by=\"avia_inline_auto\" id=\"style-css-av-3a3ksz-246780e453cfc4077d88cf24aaa96e8e\">\n.avia-image-container.av-3a3ksz-246780e453cfc4077d88cf24aaa96e8e img.avia_image{\nbox-shadow:none;\n}\n.avia-image-container.av-3a3ksz-246780e453cfc4077d88cf24aaa96e8e .av-image-caption-overlay-center{\ncolor:#ffffff;\n}\n<\/style>\n<div  class='avia-image-container av-3a3ksz-246780e453cfc4077d88cf24aaa96e8e av-styling- avia-align-center  avia-builder-el-5  avia-builder-el-no-sibling  img-sucursal'   itemprop=\"image\" itemscope=\"itemscope\" itemtype=\"https:\/\/schema.org\/ImageObject\" ><div class=\"avia-image-container-inner\"><div class=\"avia-image-overlay-wrap\"><img decoding=\"async\" class='wp-image-1617 avia-img-lazy-loading-not-1617 avia_image ' src=\"https:\/\/grupogogreen.com\/pe\/wp-content\/uploads\/2022\/08\/img-proveedores.png\" alt='' title='img-proveedores'  height=\"772\" width=\"1720\"  itemprop=\"thumbnailUrl\" srcset=\"https:\/\/grupogogreen.com\/pe\/wp-content\/uploads\/2022\/08\/img-proveedores.png 1720w, https:\/\/grupogogreen.com\/pe\/wp-content\/uploads\/2022\/08\/img-proveedores-300x135.png 300w, https:\/\/grupogogreen.com\/pe\/wp-content\/uploads\/2022\/08\/img-proveedores-1030x462.png 1030w, https:\/\/grupogogreen.com\/pe\/wp-content\/uploads\/2022\/08\/img-proveedores-768x345.png 768w, https:\/\/grupogogreen.com\/pe\/wp-content\/uploads\/2022\/08\/img-proveedores-1536x689.png 1536w, https:\/\/grupogogreen.com\/pe\/wp-content\/uploads\/2022\/08\/img-proveedores-1500x673.png 1500w, https:\/\/grupogogreen.com\/pe\/wp-content\/uploads\/2022\/08\/img-proveedores-705x316.png 705w\" sizes=\"(max-width: 1720px) 100vw, 1720px\" \/><\/div><\/div><\/div><\/div><\/div><!--close column table wrapper. Autoclose: 1 -->\n<style type=\"text\/css\" data-created_by=\"avia_inline_auto\" id=\"style-css-av-l6b5gcdz-40a1b5f615c1ea62e2933e58591371d5\">\n.flex_column.av-l6b5gcdz-40a1b5f615c1ea62e2933e58591371d5{\nwidth:66%;\nbackground-color:#22b254;\n}\n<\/style>\n<div class='flex_column av-l6b5gcdz-40a1b5f615c1ea62e2933e58591371d5 av_two_third  avia-builder-el-6  el_after_av_one_full  el_before_av_one_third  col-proveedor-green first flex_column_div avia-full-stretch column-top-margin'     ><style type=\"text\/css\" data-created_by=\"avia_inline_auto\" id=\"style-css-av-l6b5nslb-670c254e225ec44a8e9e45f55991be89\">\n#top .av_textblock_section.av-l6b5nslb-670c254e225ec44a8e9e45f55991be89 .avia_textblock{\ncolor:#ffffff;\n}\n<\/style>\n<section  class='av_textblock_section av-l6b5nslb-670c254e225ec44a8e9e45f55991be89'  itemscope=\"itemscope\" itemtype=\"https:\/\/schema.org\/CreativeWork\" ><div class='avia_textblock av_inherit_color'  itemprop=\"text\" ><h1>\u00bfQuieres ser<br \/>\n<strong>Proveedor?<\/strong><\/h1>\n<\/div><\/section><br \/>\n<div  class='avia-button-wrap av-l6b5ot4n-1e8938ba900cb9f93615baa40ecac9f7-wrap avia-button-left  avia-builder-el-8  el_after_av_textblock  avia-builder-el-last ' >\n<style type=\"text\/css\" data-created_by=\"avia_inline_auto\" id=\"style-css-av-l6b5ot4n-1e8938ba900cb9f93615baa40ecac9f7\">\n#top #wrap_all .avia-button.av-l6b5ot4n-1e8938ba900cb9f93615baa40ecac9f7{\nbackground-color:#ffffff;\nborder-color:#ffffff;\ncolor:#22b254;\n-webkit-transition:all 0.4s ease-in-out;\n-moz-transition:all 0.4s ease-in-out;\n-ms-transition:all 0.4s ease-in-out;\n-o-transition:all 0.4s ease-in-out;\ntransition:all 0.4s ease-in-out;\n}\n<\/style>\n<a href='https:\/\/grupogogreen.com\/pe\/proovedores\/'  class='avia-button av-l6b5ot4n-1e8938ba900cb9f93615baa40ecac9f7 avia-icon_select-no avia-size-small avia-position-left' ><span class='avia_iconbox_title' >INGRESE AQU\u00cd<\/span><\/a><\/div><\/p><\/div>\n<style type=\"text\/css\" data-created_by=\"avia_inline_auto\" id=\"style-css-av-l6b5hjq8-90814d5f07f294c69db4f753a1678500\">\n.flex_column.av-l6b5hjq8-90814d5f07f294c69db4f753a1678500{\nwidth:32%;\nmargin-left:2%;\n}\n<\/style>\n<div class='flex_column av-l6b5hjq8-90814d5f07f294c69db4f753a1678500 av_one_third  avia-builder-el-9  el_after_av_two_third  avia-builder-el-last  col-proveedor-img flex_column_div avia-full-stretch column-top-margin'     ><style type=\"text\/css\" data-created_by=\"avia_inline_auto\" id=\"style-css-av-2vmbdf-e2d156bf1d74da8894af654ab3877a41\">\n.avia-image-container.av-2vmbdf-e2d156bf1d74da8894af654ab3877a41 img.avia_image{\nbox-shadow:none;\n}\n.avia-image-container.av-2vmbdf-e2d156bf1d74da8894af654ab3877a41 .av-image-caption-overlay-center{\ncolor:#ffffff;\n}\n<\/style>\n<div  class='avia-image-container av-2vmbdf-e2d156bf1d74da8894af654ab3877a41 av-styling- avia-align-center  avia-builder-el-10  avia-builder-el-no-sibling '   itemprop=\"image\" itemscope=\"itemscope\" itemtype=\"https:\/\/schema.org\/ImageObject\" ><div class=\"avia-image-container-inner\"><div class=\"avia-image-overlay-wrap\"><img decoding=\"async\" class='wp-image-1635 avia-img-lazy-loading-not-1635 avia_image ' src=\"https:\/\/grupogogreen.com\/pe\/wp-content\/uploads\/2022\/08\/img-col.png\" alt='' title='img-col'  height=\"1200\" width=\"1200\"  itemprop=\"thumbnailUrl\" srcset=\"https:\/\/grupogogreen.com\/pe\/wp-content\/uploads\/2022\/08\/img-col.png 1200w, https:\/\/grupogogreen.com\/pe\/wp-content\/uploads\/2022\/08\/img-col-300x300.png 300w, https:\/\/grupogogreen.com\/pe\/wp-content\/uploads\/2022\/08\/img-col-1030x1030.png 1030w, https:\/\/grupogogreen.com\/pe\/wp-content\/uploads\/2022\/08\/img-col-80x80.png 80w, https:\/\/grupogogreen.com\/pe\/wp-content\/uploads\/2022\/08\/img-col-768x768.png 768w, https:\/\/grupogogreen.com\/pe\/wp-content\/uploads\/2022\/08\/img-col-36x36.png 36w, https:\/\/grupogogreen.com\/pe\/wp-content\/uploads\/2022\/08\/img-col-180x180.png 180w, https:\/\/grupogogreen.com\/pe\/wp-content\/uploads\/2022\/08\/img-col-705x705.png 705w\" sizes=\"(max-width: 1200px) 100vw, 1200px\" \/><\/div><\/div><\/div><\/div><\/div><\/div><\/main><!-- close content main element --><\/div><\/div><div id='after_section_1'  class='main_color av_default_container_wrap container_wrap sidebar_right'  ><div class='container av-section-cont-open' ><div class='template-page content  av-content-small alpha units'><div class='post-entry post-entry-type-page post-entry-1619'><div class='entry-content-wrapper clearfix'>\n","protected":false},"excerpt":{"rendered":"","protected":false},"author":1,"featured_media":0,"parent":0,"menu_order":0,"comment_status":"closed","ping_status":"closed","template":"","meta":{"footnotes":""},"class_list":["post-1619","page","type-page","status-publish","hentry"],"_links":{"self":[{"href":"https:\/\/grupogogreen.com\/pe\/wp-json\/wp\/v2\/pages\/1619","targetHints":{"allow":["GET"]}}],"collection":[{"href":"https:\/\/grupogogreen.com\/pe\/wp-json\/wp\/v2\/pages"}],"about":[{"href":"https:\/\/grupogogreen.com\/pe\/wp-json\/wp\/v2\/types\/page"}],"author":[{"embeddable":true,"href":"https:\/\/grupogogreen.com\/pe\/wp-json\/wp\/v2\/users\/1"}],"replies":[{"embeddable":true,"href":"https:\/\/grupogogreen.com\/pe\/wp-json\/wp\/v2\/comments?post=1619"}],"version-history":[{"count":15,"href":"https:\/\/grupogogreen.com\/pe\/wp-json\/wp\/v2\/pages\/1619\/revisions"}],"predecessor-version":[{"id":1919,"href":"https:\/\/grupogogreen.com\/pe\/wp-json\/wp\/v2\/pages\/1619\/revisions\/1919"}],"wp:attachment":[{"href":"https:\/\/grupogogreen.com\/pe\/wp-json\/wp\/v2\/media?parent=1619"}],"curies":[{"name":"wp","href":"https:\/\/api.w.org\/{rel}","templated":true}]}}