{"id":1156,"date":"2022-07-20T00:28:30","date_gmt":"2022-07-20T00:28:30","guid":{"rendered":"https:\/\/grupogogreen.com\/sv\/?page_id=1156"},"modified":"2022-08-17T11:32:48","modified_gmt":"2022-08-17T17:32:48","slug":"bowl-silvestre","status":"publish","type":"page","link":"https:\/\/grupogogreen.com\/sv\/menu\/bowls\/bowl-silvestre\/","title":{"rendered":"Bowl Silvestre"},"content":{"rendered":"\n<style type=\"text\/css\" data-created_by=\"avia_inline_auto\" id=\"style-css-av-4nnouc-f0f4ce5b7a4744a46e50d4b567d70122\">\n.avia-section.av-4nnouc-f0f4ce5b7a4744a46e50d4b567d70122{\nbackground-repeat:no-repeat;\nbackground-image:url(https:\/\/grupogogreen.com\/sv\/wp-content\/uploads\/2022\/07\/fondo-producto.jpg);\nbackground-position:50% 50%;\nbackground-attachment:scroll;\n}\n<\/style>\n<div id='av_section_1'  class='avia-section av-4nnouc-f0f4ce5b7a4744a46e50d4b567d70122 main_color avia-section-default avia-no-border-styling  avia-builder-el-0  avia-builder-el-no-sibling  seccion-container seccion-producto avia-full-stretch avia-bg-style-scroll container_wrap sidebar_right'  data-section-bg-repeat='stretch'><div class='container av-section-cont-open' ><main  role=\"main\" itemprop=\"mainContentOfPage\"  class='template-page content  av-content-small alpha units'><div class='post-entry post-entry-type-page post-entry-1156'><div class='entry-content-wrapper clearfix'>\n\n<style type=\"text\/css\" data-created_by=\"avia_inline_auto\" id=\"style-css-av-1a90njo-20188f5b8a1fb66553bb6e68e2307eb8\">\n.flex_column.av-1a90njo-20188f5b8a1fb66553bb6e68e2307eb8{\nwidth:57.6%;\n}\n<\/style>\n<div class='flex_column av-1a90njo-20188f5b8a1fb66553bb6e68e2307eb8 av_three_fifth  avia-builder-el-1  el_before_av_two_fifth  avia-builder-el-first  col-imagen-producto first flex_column_div '     ><p>\n<style type=\"text\/css\" data-created_by=\"avia_inline_auto\" id=\"style-css-av-l5sv7ebu-78dea88d69a5448603315677a5076213\">\n#top .av_textblock_section.av-l5sv7ebu-78dea88d69a5448603315677a5076213 .avia_textblock{\ncolor:#999999;\n}\n<\/style>\n<section  class='av_textblock_section av-l5sv7ebu-78dea88d69a5448603315677a5076213'  itemscope=\"itemscope\" itemtype=\"https:\/\/schema.org\/CreativeWork\" ><div class='avia_textblock text-ruta av_inherit_color'  itemprop=\"text\" ><p><a href=\"https:\/\/grupogogreen.com\/sv\/menu\/\">Men\u00fa<\/a> \/ <a href=\"https:\/\/grupogogreen.com\/sv\/menu\/bowls\/\">Bowls<\/a> \/ Bowl Silvestre<\/p>\n<\/div><\/section><br \/>\n\n<style type=\"text\/css\" data-created_by=\"avia_inline_auto\" id=\"style-css-av-l5sv8zas-2070b10ffd50d4dd9d2878ee0f23b53f\">\n.avia-image-container.av-l5sv8zas-2070b10ffd50d4dd9d2878ee0f23b53f img.avia_image{\nbox-shadow:none;\n}\n.avia-image-container.av-l5sv8zas-2070b10ffd50d4dd9d2878ee0f23b53f .av-image-caption-overlay-center{\ncolor:#ffffff;\n}\n<\/style>\n<div  class='avia-image-container av-l5sv8zas-2070b10ffd50d4dd9d2878ee0f23b53f av-styling- avia-align-center  avia-builder-el-3  el_after_av_textblock  el_before_av_textblock '   itemprop=\"image\" itemscope=\"itemscope\" itemtype=\"https:\/\/schema.org\/ImageObject\" ><div class=\"avia-image-container-inner\"><div class=\"avia-image-overlay-wrap\"><img decoding=\"async\" class='wp-image-1139 avia-img-lazy-loading-not-1139 avia_image ' src=\"https:\/\/grupogogreen.com\/sv\/wp-content\/uploads\/2022\/07\/Silvestre.png\" alt='' title='Silvestre'  height=\"1000\" width=\"1000\"  itemprop=\"thumbnailUrl\" srcset=\"https:\/\/grupogogreen.com\/sv\/wp-content\/uploads\/2022\/07\/Silvestre.png 1000w, https:\/\/grupogogreen.com\/sv\/wp-content\/uploads\/2022\/07\/Silvestre-300x300.png 300w, https:\/\/grupogogreen.com\/sv\/wp-content\/uploads\/2022\/07\/Silvestre-80x80.png 80w, https:\/\/grupogogreen.com\/sv\/wp-content\/uploads\/2022\/07\/Silvestre-768x768.png 768w, https:\/\/grupogogreen.com\/sv\/wp-content\/uploads\/2022\/07\/Silvestre-36x36.png 36w, https:\/\/grupogogreen.com\/sv\/wp-content\/uploads\/2022\/07\/Silvestre-180x180.png 180w, https:\/\/grupogogreen.com\/sv\/wp-content\/uploads\/2022\/07\/Silvestre-705x705.png 705w\" sizes=\"(max-width: 1000px) 100vw, 1000px\" \/><\/div><\/div><\/div><br \/>\n\n<style type=\"text\/css\" data-created_by=\"avia_inline_auto\" id=\"style-css-av-av_textblock-6d7e9b374f1f11681e618c4efa375f0b\">\n#top .av_textblock_section.av-av_textblock-6d7e9b374f1f11681e618c4efa375f0b .avia_textblock{\ncolor:#2db158;\n}\n<\/style>\n<section  class='av_textblock_section av-av_textblock-6d7e9b374f1f11681e618c4efa375f0b'  itemscope=\"itemscope\" itemtype=\"https:\/\/schema.org\/CreativeWork\" ><div class='avia_textblock text-delivery av_inherit_color'  itemprop=\"text\" ><h2>PIDE TU<br \/>\n<strong>DELIVERY EN<\/strong><\/h2>\n<p><a href=\"#\"><img loading=\"lazy\" decoding=\"async\" class=\"alignnone wp-image-989 size-full\" src=\"https:\/\/grupogogreen.com\/sv\/wp-content\/uploads\/2022\/07\/hugo.jpg\" alt=\"\" width=\"300\" height=\"300\" srcset=\"https:\/\/grupogogreen.com\/sv\/wp-content\/uploads\/2022\/07\/hugo.jpg 300w, https:\/\/grupogogreen.com\/sv\/wp-content\/uploads\/2022\/07\/hugo-80x80.jpg 80w, https:\/\/grupogogreen.com\/sv\/wp-content\/uploads\/2022\/07\/hugo-36x36.jpg 36w, https:\/\/grupogogreen.com\/sv\/wp-content\/uploads\/2022\/07\/hugo-180x180.jpg 180w\" sizes=\"auto, (max-width: 300px) 100vw, 300px\" \/><\/a><\/p>\n<p><a href=\"https:\/\/www.pedidosya.com.gt\/cadenas\/go-green\" target=\"_blank\" rel=\"noopener\"><img loading=\"lazy\" decoding=\"async\" class=\"alignnone wp-image-990 size-full\" src=\"https:\/\/grupogogreen.com\/sv\/wp-content\/uploads\/2022\/07\/pedidos-ya.jpg\" alt=\"\" width=\"300\" height=\"300\" srcset=\"https:\/\/grupogogreen.com\/sv\/wp-content\/uploads\/2022\/07\/pedidos-ya.jpg 300w, https:\/\/grupogogreen.com\/sv\/wp-content\/uploads\/2022\/07\/pedidos-ya-80x80.jpg 80w, https:\/\/grupogogreen.com\/sv\/wp-content\/uploads\/2022\/07\/pedidos-ya-36x36.jpg 36w, https:\/\/grupogogreen.com\/sv\/wp-content\/uploads\/2022\/07\/pedidos-ya-180x180.jpg 180w\" sizes=\"auto, (max-width: 300px) 100vw, 300px\" \/><\/a><\/p>\n<p><a href=\"https:\/\/www.ubereats.com\/gt?q=gogreen\" target=\"_blank\" rel=\"noopener\"><img loading=\"lazy\" decoding=\"async\" class=\"alignnone wp-image-991 size-full\" src=\"https:\/\/grupogogreen.com\/sv\/wp-content\/uploads\/2022\/07\/uber-eats.jpg\" alt=\"\" width=\"300\" height=\"300\" srcset=\"https:\/\/grupogogreen.com\/sv\/wp-content\/uploads\/2022\/07\/uber-eats.jpg 300w, https:\/\/grupogogreen.com\/sv\/wp-content\/uploads\/2022\/07\/uber-eats-80x80.jpg 80w, https:\/\/grupogogreen.com\/sv\/wp-content\/uploads\/2022\/07\/uber-eats-36x36.jpg 36w, https:\/\/grupogogreen.com\/sv\/wp-content\/uploads\/2022\/07\/uber-eats-180x180.jpg 180w\" sizes=\"auto, (max-width: 300px) 100vw, 300px\" \/><\/a><\/p>\n<\/div><\/section><\/p><\/div>\n<style type=\"text\/css\" data-created_by=\"avia_inline_auto\" id=\"style-css-av-16xt138-5814afcdd73449a4b380660f074b8cbb\">\n.flex_column.av-16xt138-5814afcdd73449a4b380660f074b8cbb{\nwidth:36.4%;\nmargin-left:6%;\n}\n<\/style>\n<div class='flex_column av-16xt138-5814afcdd73449a4b380660f074b8cbb av_two_fifth  avia-builder-el-5  el_after_av_three_fifth  avia-builder-el-last  col-descripcion flex_column_div '     ><style type=\"text\/css\" data-created_by=\"avia_inline_auto\" id=\"style-css-av-l5sv82a3-f4a3c441f7226662cec4ced66c356559\">\n#top .av_textblock_section.av-l5sv82a3-f4a3c441f7226662cec4ced66c356559 .avia_textblock{\ncolor:#999999;\n}\n<\/style>\n<section  class='av_textblock_section av-l5sv82a3-f4a3c441f7226662cec4ced66c356559'  itemscope=\"itemscope\" itemtype=\"https:\/\/schema.org\/CreativeWork\" ><div class='avia_textblock title-img1 av_inherit_color'  itemprop=\"text\" ><h1 style=\"text-align: left;\">Bowl Silvestre<\/h1>\n<\/div><\/section><br \/>\n\n<style type=\"text\/css\" data-created_by=\"avia_inline_auto\" id=\"style-css-av-l5sv8ldy-6e3ab281bd9a3c8555b0e1f1e73ea066\">\n#top .av_textblock_section.av-l5sv8ldy-6e3ab281bd9a3c8555b0e1f1e73ea066 .avia_textblock{\ncolor:#999999;\n}\n<\/style>\n<section  class='av_textblock_section av-l5sv8ldy-6e3ab281bd9a3c8555b0e1f1e73ea066'  itemscope=\"itemscope\" itemtype=\"https:\/\/schema.org\/CreativeWork\" ><div class='avia_textblock text-descripcion av_inherit_color'  itemprop=\"text\" ><p>Arroz, Pollo, Quinoa, Champi\u00f1ones, Queso Fresco, Lechuga, Ajonjol\u00ed, Cilantro y Aderezo Japon\u00e9s.<\/p>\n<\/div><\/section><br \/>\n\n<style type=\"text\/css\" data-created_by=\"avia_inline_auto\" id=\"style-css-av-14nua8k-c1a94b79215a9f883439b0209d379ad6\">\n#top .av_textblock_section.av-14nua8k-c1a94b79215a9f883439b0209d379ad6 .avia_textblock{\ncolor:#000000;\n}\n<\/style>\n<section  class='av_textblock_section av-14nua8k-c1a94b79215a9f883439b0209d379ad6'  itemscope=\"itemscope\" itemtype=\"https:\/\/schema.org\/CreativeWork\" ><div class='avia_textblock text-descripcion av_inherit_color'  itemprop=\"text\" ><p><strong>Datos Nutricionales<\/strong><\/p>\n<\/div><\/section><br \/>\n<div class='avia-data-table-wrap av-12zhsd0-c8dbdee70384e6ecdedde9f2f06751f8 avia_responsive_table avia-table-1'><table  class='avia-table avia-data-table avia_pricing_minimal  avia-builder-el-9  el_after_av_textblock  el_before_av_textblock  tabla-producto'  itemscope=\"itemscope\" itemtype=\"https:\/\/schema.org\/Table\" ><tbody><tr class='avia-heading-row'><th class='avia-center-col'><\/th><th class=''>Por porci\u00f3n<\/th><\/tr><tr class=''><td class='avia-center-col'>Energ\u00eda<\/td><td class=''>179 kcal<\/td><\/tr><tr class=''><td class='avia-center-col'>Grasa<\/td><td class=''>42 gr<\/td><\/tr><tr class=''><td class='avia-center-col'>Grasa Saturada<\/td><td class=''>16 gr<\/td><\/tr><tr class=''><td class='avia-center-col'>Carbohidratos<\/td><td class=''>52 gr<\/td><\/tr><tr class=''><td class='avia-center-col'>Az\u00facar<\/td><td class=''>3 gr<\/td><\/tr><tr class=''><td class='avia-center-col'>Proteina<\/td><td class=''>31 gr<\/td><\/tr><\/tbody><\/table><\/div><style type='text\/css'>.avia-table-1 td:nth-of-type(1):before { content: ''; } .avia-table-1 td:nth-of-type(2):before { content: 'Por porci\u00f3n'; } <\/style><br \/>\n\n<style type=\"text\/css\" data-created_by=\"avia_inline_auto\" id=\"style-css-av-39ozr8-68c20ca98a01620f4431393a26515c8c\">\n#top .av_textblock_section.av-39ozr8-68c20ca98a01620f4431393a26515c8c .avia_textblock{\ncolor:#999999;\n}\n<\/style>\n<section  class='av_textblock_section av-39ozr8-68c20ca98a01620f4431393a26515c8c'  itemscope=\"itemscope\" itemtype=\"https:\/\/schema.org\/CreativeWork\" ><div class='avia_textblock text-disponiblilidad av_inherit_color'  itemprop=\"text\" ><p style=\"text-align: center;\">Disponibilidad puede variar a ubicaci\u00f3n o territorio<\/p>\n<\/div><\/section><\/p><\/div><\/div><\/div><\/main><!-- close content main element --><\/div><\/div><div id='after_section_1'  class='main_color av_default_container_wrap container_wrap sidebar_right'  ><div class='container av-section-cont-open' ><div class='template-page content  av-content-small alpha units'><div class='post-entry post-entry-type-page post-entry-1156'><div class='entry-content-wrapper clearfix'>\n","protected":false},"excerpt":{"rendered":"","protected":false},"author":3,"featured_media":0,"parent":1133,"menu_order":0,"comment_status":"closed","ping_status":"closed","template":"","meta":{"footnotes":""},"class_list":["post-1156","page","type-page","status-publish","hentry"],"_links":{"self":[{"href":"https:\/\/grupogogreen.com\/sv\/wp-json\/wp\/v2\/pages\/1156","targetHints":{"allow":["GET"]}}],"collection":[{"href":"https:\/\/grupogogreen.com\/sv\/wp-json\/wp\/v2\/pages"}],"about":[{"href":"https:\/\/grupogogreen.com\/sv\/wp-json\/wp\/v2\/types\/page"}],"author":[{"embeddable":true,"href":"https:\/\/grupogogreen.com\/sv\/wp-json\/wp\/v2\/users\/3"}],"replies":[{"embeddable":true,"href":"https:\/\/grupogogreen.com\/sv\/wp-json\/wp\/v2\/comments?post=1156"}],"version-history":[{"count":2,"href":"https:\/\/grupogogreen.com\/sv\/wp-json\/wp\/v2\/pages\/1156\/revisions"}],"predecessor-version":[{"id":1816,"href":"https:\/\/grupogogreen.com\/sv\/wp-json\/wp\/v2\/pages\/1156\/revisions\/1816"}],"up":[{"embeddable":true,"href":"https:\/\/grupogogreen.com\/sv\/wp-json\/wp\/v2\/pages\/1133"}],"wp:attachment":[{"href":"https:\/\/grupogogreen.com\/sv\/wp-json\/wp\/v2\/media?parent=1156"}],"curies":[{"name":"wp","href":"https:\/\/api.w.org\/{rel}","templated":true}]}}